{"id":193,"date":"2024-10-03T08:09:44","date_gmt":"2024-10-03T08:09:44","guid":{"rendered":"https:\/\/see-lac.vicha.ch\/?page_id=193"},"modified":"2025-02-03T13:50:33","modified_gmt":"2025-02-03T13:50:33","slug":"der-links","status":"publish","type":"page","link":"https:\/\/see-lac.ch\/fr\/der-links\/","title":{"rendered":"Liens"},"content":{"rendered":"<style>.wp-block-kadence-advancedheading.kt-adv-heading193_6642a7-31, .wp-block-kadence-advancedheading.kt-adv-heading193_6642a7-31[data-kb-block=\"kb-adv-heading193_6642a7-31\"]{font-style:normal;}.wp-block-kadence-advancedheading.kt-adv-heading193_6642a7-31 mark.kt-highlight, .wp-block-kadence-advancedheading.kt-adv-heading193_6642a7-31[data-kb-block=\"kb-adv-heading193_6642a7-31\"] mark.kt-highlight{font-style:normal;color:#f76a0c;-webkit-box-decoration-break:clone;box-decoration-break:clone;padding-top:0px;padding-right:0px;padding-bottom:0px;padding-left:0px;}<\/style>\n<h2 class=\"kt-adv-heading193_6642a7-31 wp-block-kadence-advancedheading\" data-kb-block=\"kb-adv-heading193_6642a7-31\">Liens<\/h2>\n\n\n<div class=\"gb-container gb-container-3270fc17 alignfull gbp-section\">\n<div class=\"gb-container gb-container-22e2cecb gbp-section__inner\">\n<div class=\"gb-container gb-container-9354bce1\">\n\n<h1 class=\"gb-headline gb-headline-969e9702 gb-headline-text gbp-section__headline\"> <\/h1>\n\n\n\n<div class=\"gb-headline gb-headline-91f9ed9b gb-headline-text gbp-section__text\"><\/div>\n\n<\/div>\n<\/div>\n<\/div>\n\n<div class=\"gb-container gb-container-23c10787 alignfull gbp-section\">\n<div class=\"gb-container gb-container-af867ac6 gbp-section__inner\">\n<div class=\"gb-container gb-container-81a59b79\">\n\n<h2 class=\"gb-headline gb-headline-0610b09c gb-headline-text gbp-section__headline\"><\/h2>\n\n\n\n<p><strong>Les associations des communes du district<\/strong><br><a href=\"https:\/\/www.fr.ch\/de\/ilfd\/gema\/app\/acom_entites?categories=1655&amp;resultsType=0&amp;page=1\">Banque de donn\u00e9es du canton<\/a><\/p>\n\n\n\n<p><strong>Tourisme<\/strong><br><a href=\"https:\/\/fribourg.ch\/de\/regionmurtensee\/tourismusbueros\/murten-tourismus\/\">Murten Tourismus<\/a><br><a href=\"https:\/\/fribourg.ch\/de\/regionmurtensee\/tourismusbueros\/vully-tourismus\/#:~:text=Vully%20Tourisme%20ist%20ein%20Verein,%20der%201949%20gegr%C3%BCndet%20wurde.%20Er\">Vully Tourisme<\/a><\/p>\n\n\n\n<p><strong>Economie<\/strong><br><a href=\"http:\/\/www.gewerbeverein-murten.ch\">Gewerbeverein Murten<\/a> <br><a href=\"http:\/\/www.gwaerb-kerzers.ch\">Gw\u00e4rb Kerzers<\/a><br><a href=\"http:\/\/www.gewerbeverein-gurmels.ch\">Gewerbeverein Region Gurmels <\/a><br><a href=\"https:\/\/mont-vully.ch\/la-commune\/commercants\">Soci\u00e9t\u00e9 des Arts et M\u00e9tiers du Vully et environ<\/a><br><a href=\"http:\/\/www.shoppingmurten.ch$\">Detaillisten Gruppe Murten<\/a> <br><a href=\"https:\/\/mont-vully.ch\/la-commune\/commercants\">Association Interprofessionnelle des vins du Vully<\/a><br><a href=\"http:\/\/www.gastrofribourg.ch\">Gastro Sense-See\/Lac<\/a><br><a href=\"https:\/\/www.promfr.ch\/de\/\">PromFR<\/a>  <br><a href=\"https:\/\/www.promfr.ch\/de\/regionalpolitik\">Nouvelle politique r\u00e9gionale NPR<\/a>&nbsp;&nbsp; <\/p>\n\n<\/div>\n\n<div class=\"gb-container gb-container-8ce7db64\">\n\n<figure class=\"gb-block-image gb-block-image-a091acf8\"><img loading=\"lazy\" decoding=\"async\" width=\"2560\" height=\"1703\" class=\"gb-image gb-image-a091acf8\" src=\"https:\/\/see-lac.ch\/wp-content\/uploads\/2024\/10\/Greng_divers_20513_01CA-scaled.jpg\" alt=\"\" title=\"Greng-Buch\" srcset=\"https:\/\/see-lac.ch\/wp-content\/uploads\/2024\/10\/Greng_divers_20513_01CA-scaled.jpg 2560w, https:\/\/see-lac.ch\/wp-content\/uploads\/2024\/10\/Greng_divers_20513_01CA-300x200.jpg 300w, https:\/\/see-lac.ch\/wp-content\/uploads\/2024\/10\/Greng_divers_20513_01CA-1024x681.jpg 1024w, https:\/\/see-lac.ch\/wp-content\/uploads\/2024\/10\/Greng_divers_20513_01CA-768x511.jpg 768w, https:\/\/see-lac.ch\/wp-content\/uploads\/2024\/10\/Greng_divers_20513_01CA-50x33.jpg 50w, https:\/\/see-lac.ch\/wp-content\/uploads\/2024\/10\/Greng_divers_20513_01CA-1600x1065.jpg 1600w, https:\/\/see-lac.ch\/wp-content\/uploads\/2024\/10\/Greng_divers_20513_01CA-1536x1022.jpg 1536w, https:\/\/see-lac.ch\/wp-content\/uploads\/2024\/10\/Greng_divers_20513_01CA-2048x1363.jpg 2048w, https:\/\/see-lac.ch\/wp-content\/uploads\/2024\/10\/Greng_divers_20513_01CA-18x12.jpg 18w\" sizes=\"auto, (max-width: 2560px) 100vw, 2560px\" \/><\/figure>\n\n<\/div>\n<\/div>\n<\/div>","protected":false},"excerpt":{"rendered":"<p>Links Gemeindeverb\u00e4nde des SeebezirksDatenbank des Kantons TourismusMurten TourismusVully Tourisme WirtschaftGewerbeverein Murten Gw\u00e4rb KerzersGewerbeverein Region Gurmels Soci\u00e9t\u00e9 des Arts et M\u00e9tiers du Vully et environDetaillisten Gruppe Murten Association Interprofessionnelle des vins &#8230; <a title=\"Liens\" class=\"read-more\" href=\"https:\/\/see-lac.ch\/fr\/der-links\/\" aria-label=\"En savoir plus sur Links\">Lire la suite<\/a><\/p>","protected":false},"author":1,"featured_media":0,"parent":0,"menu_order":0,"comment_status":"closed","ping_status":"closed","template":"","meta":{"pgc_sgb_lightbox_settings":"","_EventAllDay":false,"_EventTimezone":"","_EventStartDate":"","_EventEndDate":"","_EventStartDateUTC":"","_EventEndDateUTC":"","_EventShowMap":false,"_EventShowMapLink":false,"_EventURL":"","_EventCost":"","_EventCostDescription":"","_EventCurrencySymbol":"","_EventCurrencyCode":"","_EventCurrencyPosition":"","_EventDateTimeSeparator":"","_EventTimeRangeSeparator":"","_EventOrganizerID":[],"_EventVenueID":[],"_OrganizerEmail":"","_OrganizerPhone":"","_OrganizerWebsite":"","_VenueAddress":"","_VenueCity":"","_VenueCountry":"","_VenueProvince":"","_VenueState":"","_VenueZip":"","_VenuePhone":"","_VenueURL":"","_VenueStateProvince":"","_VenueLat":"","_VenueLng":"","_VenueShowMap":false,"_VenueShowMapLink":false,"footnotes":""},"class_list":["post-193","page","type-page","status-publish"],"_links":{"self":[{"href":"https:\/\/see-lac.ch\/fr\/wp-json\/wp\/v2\/pages\/193","targetHints":{"allow":["GET"]}}],"collection":[{"href":"https:\/\/see-lac.ch\/fr\/wp-json\/wp\/v2\/pages"}],"about":[{"href":"https:\/\/see-lac.ch\/fr\/wp-json\/wp\/v2\/types\/page"}],"author":[{"embeddable":true,"href":"https:\/\/see-lac.ch\/fr\/wp-json\/wp\/v2\/users\/1"}],"replies":[{"embeddable":true,"href":"https:\/\/see-lac.ch\/fr\/wp-json\/wp\/v2\/comments?post=193"}],"version-history":[{"count":12,"href":"https:\/\/see-lac.ch\/fr\/wp-json\/wp\/v2\/pages\/193\/revisions"}],"predecessor-version":[{"id":1041,"href":"https:\/\/see-lac.ch\/fr\/wp-json\/wp\/v2\/pages\/193\/revisions\/1041"}],"wp:attachment":[{"href":"https:\/\/see-lac.ch\/fr\/wp-json\/wp\/v2\/media?parent=193"}],"curies":[{"name":"wp","href":"https:\/\/api.w.org\/{rel}","templated":true}]}}