{"id":243,"date":"2024-10-03T11:07:55","date_gmt":"2024-10-03T11:07:55","guid":{"rendered":"https:\/\/see-lac.vicha.ch\/?page_id=243"},"modified":"2026-02-09T13:51:50","modified_gmt":"2026-02-09T13:51:50","slug":"1-1-dv","status":"publish","type":"page","link":"https:\/\/see-lac.ch\/fr\/1-1-dv\/","title":{"rendered":"Assembl\u00e9e des d\u00e9l\u00e9gu\u00e9s"},"content":{"rendered":"<style>.wp-block-kadence-advancedheading.kt-adv-heading243_3e003f-79, .wp-block-kadence-advancedheading.kt-adv-heading243_3e003f-79[data-kb-block=\"kb-adv-heading243_3e003f-79\"]{font-style:normal;}.wp-block-kadence-advancedheading.kt-adv-heading243_3e003f-79 mark.kt-highlight, .wp-block-kadence-advancedheading.kt-adv-heading243_3e003f-79[data-kb-block=\"kb-adv-heading243_3e003f-79\"] mark.kt-highlight{font-style:normal;color:#f76a0c;-webkit-box-decoration-break:clone;box-decoration-break:clone;padding-top:0px;padding-right:0px;padding-bottom:0px;padding-left:0px;}<\/style>\n<h2 class=\"kt-adv-heading243_3e003f-79 wp-block-kadence-advancedheading\" data-kb-block=\"kb-adv-heading243_3e003f-79\">Assembl\u00e9e des d\u00e9l\u00e9gu\u00e9s<\/h2>\n\n\n<div class=\"gb-container gb-container-3270fc17 alignfull gbp-section\">\n<div class=\"gb-container gb-container-22e2cecb gbp-section__inner\">\n<div class=\"gb-container gb-container-9354bce1\">\n\n<h1 class=\"gb-headline gb-headline-969e9702 gb-headline-text gbp-section__headline\"><\/h1>\n\n\n\n<div class=\"gb-headline gb-headline-91f9ed9b gb-headline-text gbp-section__text\"><\/div>\n\n<\/div>\n<\/div>\n<\/div>\n\n<div class=\"gb-container gb-container-23c10787 alignfull gbp-section\">\n<div class=\"gb-container gb-container-af867ac6 gbp-section__inner\">\n<div class=\"gb-container gb-container-81a59b79\">\n\n<p>L'assembl\u00e9e des d\u00e9l\u00e9gu\u00e9s, qui repr\u00e9sente les communes associ\u00e9es, est l'organe supr\u00eame de l'association.<\/p>\n\n\n\n<p>Chaque commune associ\u00e9e a droit \u00e0 au moins une voix \u00e0 l'assembl\u00e9e des d\u00e9l\u00e9gu\u00e9s. Si le nombre d'habitants d'une commune associ\u00e9e d\u00e9passe 1'000, elle a droit \u00e0 une voix suppl\u00e9mentaire par tranche de 1'000 habitants. Il en va de m\u00eame pour le nombre restant qui d\u00e9passe 500.<\/p>\n\n\n\n<p>L'assembl\u00e9e des d\u00e9l\u00e9gu\u00e9s est pr\u00e9sid\u00e9e par Christoph Wieland, pr\u00e9fet. Celui-ci est soutenu par Guido Wildhaber, pr\u00e9sident de la commune de Ried b. Kerzers.<\/p>\n\n\n\n<p><\/p>\n\n\n\n<p><strong>2026<\/strong><br><a href=\"https:\/\/see-lac.ch\/wp-content\/uploads\/2026\/01\/Invitation_ADextra_20260129.pdf\" data-type=\"attachment\" data-id=\"1306\">AD extraordinaire - invitation<\/a><\/p>\n\n\n\n<p><strong>2025<\/strong><br><a href=\"https:\/\/see-lac.ch\/wp-content\/uploads\/2025\/10\/Invitation_AD43_20251030.pdf\" data-type=\"attachment\" data-id=\"1231\" target=\"_blank\" rel=\"noreferrer noopener\">43e AD ordin.- invitation<\/a><br><a href=\"https:\/\/see-lac.ch\/wp-content\/uploads\/2026\/02\/PV_AD43_20251030-1.pdf\" data-type=\"attachment\" data-id=\"1317\" target=\"_blank\" rel=\"noreferrer noopener\">43e AD ordin. - PV<\/a><br><br><a href=\"https:\/\/see-lac.ch\/wp-content\/uploads\/2025\/05\/1-Invitation_AD42.pdf\" data-type=\"attachment\" data-id=\"1140\" target=\"_blank\" rel=\"noreferrer noopener\">42e AD ordin. - invitation<\/a><br><a href=\"https:\/\/see-lac.ch\/wp-content\/uploads\/2026\/01\/PV_AD42_20250527-1.pdf\" data-type=\"attachment\" data-id=\"1304\" target=\"_blank\" rel=\"noreferrer noopener\">42e AD ordin. - PV<\/a><\/p>\n\n\n\n<p><strong>2024<\/strong><br><a href=\"https:\/\/see-lac.ch\/wp-content\/uploads\/2025\/05\/PR_DV41_20241030_fr-1.pdf\" target=\"_blank\" rel=\"noreferrer noopener\">41e AD ordin. - invitation<\/a><br><a href=\"https:\/\/see-lac.ch\/wp-content\/uploads\/2025\/05\/PR_DV41_20241030_fr-2.pdf\" data-type=\"attachment\" data-id=\"1137\" target=\"_blank\" rel=\"noreferrer noopener\">41e AD ordin. - PV<\/a><br><br><a href=\"https:\/\/see-lac.ch\/wp-content\/uploads\/2025\/02\/40-Invitation_Mai24.pdf\" target=\"_blank\" rel=\"noreferrer noopener\">40e AD ordin. - invitation<\/a><br><a href=\"https:\/\/see-lac.ch\/wp-content\/uploads\/2025\/02\/PR_DV40_20240523_fr.pdf\" data-type=\"link\" data-id=\"https:\/\/see-lac.ch\/wp-content\/uploads\/2024\/11\/PR_DV_20240523_d.pdf\" target=\"_blank\" rel=\"noreferrer noopener\">40e AD ordin. - PV<\/a><\/p>\n\n\n\n<p><strong>2023<\/strong><br><a href=\"https:\/\/see-lac.ch\/wp-content\/uploads\/2025\/02\/39-Invitation_Okt23.pdf\" target=\"_blank\" rel=\"noreferrer noopener\">39e AD ordin. - invitation<\/a><br><a href=\"https:\/\/see-lac.ch\/wp-content\/uploads\/2025\/02\/39-PV_Okt23.pdf\" target=\"_blank\" rel=\"noreferrer noopener\">39e AD ordin. - PV<\/a><\/p>\n\n\n\n<p><a href=\"https:\/\/see-lac.ch\/wp-content\/uploads\/2025\/02\/38-Invitation_Mai23.pdf\" target=\"_blank\" rel=\"noreferrer noopener\">38e AD ordin. - invitation<\/a><br><a href=\"https:\/\/see-lac.ch\/wp-content\/uploads\/2025\/02\/38-PV_Mai23.pdf\" target=\"_blank\" rel=\"noreferrer noopener\">38e AD ordin. - PV<\/a><\/p>\n\n\n\n<p><br><\/p>\n\n\n\n<p><\/p>\n\n<\/div>\n\n<div class=\"gb-container gb-container-8ce7db64\">\n\n<figure class=\"wp-block-image size-large\"><img loading=\"lazy\" decoding=\"async\" width=\"1024\" height=\"768\" src=\"https:\/\/see-lac.ch\/wp-content\/uploads\/2024\/10\/20190110_111556-1024x768.jpg\" alt=\"\" class=\"wp-image-498\" srcset=\"https:\/\/see-lac.ch\/wp-content\/uploads\/2024\/10\/20190110_111556-1024x768.jpg 1024w, https:\/\/see-lac.ch\/wp-content\/uploads\/2024\/10\/20190110_111556-300x225.jpg 300w, https:\/\/see-lac.ch\/wp-content\/uploads\/2024\/10\/20190110_111556-768x576.jpg 768w, https:\/\/see-lac.ch\/wp-content\/uploads\/2024\/10\/20190110_111556-50x38.jpg 50w, https:\/\/see-lac.ch\/wp-content\/uploads\/2024\/10\/20190110_111556-1600x1200.jpg 1600w, https:\/\/see-lac.ch\/wp-content\/uploads\/2024\/10\/20190110_111556-1536x1152.jpg 1536w, https:\/\/see-lac.ch\/wp-content\/uploads\/2024\/10\/20190110_111556-2048x1536.jpg 2048w, https:\/\/see-lac.ch\/wp-content\/uploads\/2024\/10\/20190110_111556-16x12.jpg 16w\" sizes=\"auto, (max-width: 1024px) 100vw, 1024px\" \/><\/figure>\n\n<\/div>\n<\/div>\n<\/div>\n\n<div class=\"gb-container gb-container-3761f4d4\">\n\n<figure class=\"wp-block-image size-large\"><img loading=\"lazy\" decoding=\"async\" width=\"1024\" height=\"683\" src=\"https:\/\/see-lac.ch\/wp-content\/uploads\/2024\/10\/IMG_7486-1024x683.jpg\" alt=\"Murten\" class=\"wp-image-225\" srcset=\"https:\/\/see-lac.ch\/wp-content\/uploads\/2024\/10\/IMG_7486-1024x683.jpg 1024w, https:\/\/see-lac.ch\/wp-content\/uploads\/2024\/10\/IMG_7486-300x200.jpg 300w, https:\/\/see-lac.ch\/wp-content\/uploads\/2024\/10\/IMG_7486-768x512.jpg 768w, https:\/\/see-lac.ch\/wp-content\/uploads\/2024\/10\/IMG_7486-50x33.jpg 50w, https:\/\/see-lac.ch\/wp-content\/uploads\/2024\/10\/IMG_7486-1600x1067.jpg 1600w, https:\/\/see-lac.ch\/wp-content\/uploads\/2024\/10\/IMG_7486-1536x1024.jpg 1536w, https:\/\/see-lac.ch\/wp-content\/uploads\/2024\/10\/IMG_7486-2048x1365.jpg 2048w, https:\/\/see-lac.ch\/wp-content\/uploads\/2024\/10\/IMG_7486-18x12.jpg 18w\" sizes=\"auto, (max-width: 1024px) 100vw, 1024px\" \/><\/figure>\n\n<\/div>\n\n<div class=\"gb-container gb-container-1edccb86\">\n<style>.kb-row-layout-wrap.wp-block-kadence-rowlayout.kb-row-layout-id243_beec0d-c0{margin-bottom:0px;}.kb-row-layout-id243_beec0d-c0 > .kt-row-column-wrap{align-content:start;}:where(.kb-row-layout-id243_beec0d-c0 > .kt-row-column-wrap) > .wp-block-kadence-column{justify-content:start;}.kb-row-layout-id243_beec0d-c0 > .kt-row-column-wrap{column-gap:var(--global-kb-gap-md, 2rem);row-gap:var(--global-kb-gap-md, 2rem);padding-top:var(--global-kb-spacing-sm, 1.5rem);padding-bottom:var(--global-kb-spacing-sm, 1.5rem);grid-template-columns:repeat(2, minmax(0, 1fr));}.kb-row-layout-id243_beec0d-c0 > .kt-row-layout-overlay{opacity:0.30;}@media all and (max-width: 1024px){.kb-row-layout-id243_beec0d-c0 > .kt-row-column-wrap{grid-template-columns:repeat(2, minmax(0, 1fr));}}@media all and (max-width: 767px){.kb-row-layout-id243_beec0d-c0 > .kt-row-column-wrap{grid-template-columns:minmax(0, 1fr);}}<\/style><div class=\"kb-row-layout-wrap kb-row-layout-id243_beec0d-c0 alignnone wp-block-kadence-rowlayout\"><div class=\"kt-row-column-wrap kt-has-2-columns kt-row-layout-equal kt-tab-layout-inherit kt-mobile-layout-row kt-row-valign-top\">\n<style>.kadence-column243_6cafea-eb > .kt-inside-inner-col,.kadence-column243_6cafea-eb > .kt-inside-inner-col:before{border-top-left-radius:0px;border-top-right-radius:0px;border-bottom-right-radius:0px;border-bottom-left-radius:0px;}.kadence-column243_6cafea-eb > .kt-inside-inner-col{column-gap:var(--global-kb-gap-sm, 1rem);}.kadence-column243_6cafea-eb > .kt-inside-inner-col{flex-direction:column;}.kadence-column243_6cafea-eb > .kt-inside-inner-col > .aligncenter{width:100%;}.kadence-column243_6cafea-eb > .kt-inside-inner-col:before{opacity:0.3;}.kadence-column243_6cafea-eb{position:relative;}@media all and (max-width: 1024px){.kadence-column243_6cafea-eb > .kt-inside-inner-col{flex-direction:column;justify-content:center;}}@media all and (max-width: 767px){.kadence-column243_6cafea-eb > .kt-inside-inner-col{flex-direction:column;justify-content:center;}}<\/style>\n<div class=\"wp-block-kadence-column kadence-column243_6cafea-eb\"><div class=\"kt-inside-inner-col\">\n<p><\/p>\n<\/div><\/div>\n\n\n<style>.kadence-column243_9944e2-07 > .kt-inside-inner-col,.kadence-column243_9944e2-07 > .kt-inside-inner-col:before{border-top-left-radius:0px;border-top-right-radius:0px;border-bottom-right-radius:0px;border-bottom-left-radius:0px;}.kadence-column243_9944e2-07 > .kt-inside-inner-col{column-gap:var(--global-kb-gap-sm, 1rem);}.kadence-column243_9944e2-07 > .kt-inside-inner-col{flex-direction:column;}.kadence-column243_9944e2-07 > .kt-inside-inner-col > .aligncenter{width:100%;}.kadence-column243_9944e2-07 > .kt-inside-inner-col:before{opacity:0.3;}.kadence-column243_9944e2-07{position:relative;}@media all and (max-width: 1024px){.kadence-column243_9944e2-07 > .kt-inside-inner-col{flex-direction:column;justify-content:center;}}@media all and (max-width: 767px){.kadence-column243_9944e2-07 > .kt-inside-inner-col{flex-direction:column;justify-content:center;}}<\/style>\n<div class=\"wp-block-kadence-column kadence-column243_9944e2-07\"><div class=\"kt-inside-inner-col\"><\/div><\/div>\n\n<\/div><\/div>\n<\/div>","protected":false},"excerpt":{"rendered":"<p>Delegiertenversammlung Die Delegiertenversammlung ist als Vertretung der Verbandsgemeinden das oberste Organ des Verbandes. Jede Verbandsgemeinde hat Anspruch auf mindestens eine Stimme in der Delegierten-versammlung. \u00dcbersteigt die Einwohnerzahl einer Verbandsgemeinde 1&#8217;000, &#8230; <a title=\"Assembl\u00e9e des d\u00e9l\u00e9gu\u00e9s\" class=\"read-more\" href=\"https:\/\/see-lac.ch\/fr\/1-1-dv\/\" aria-label=\"En savoir plus sur Delegiertenversammlung\">Lire la suite<\/a><\/p>","protected":false},"author":1,"featured_media":0,"parent":0,"menu_order":0,"comment_status":"closed","ping_status":"closed","template":"","meta":{"pgc_sgb_lightbox_settings":"","_EventAllDay":false,"_EventTimezone":"","_EventStartDate":"","_EventEndDate":"","_EventStartDateUTC":"","_EventEndDateUTC":"","_EventShowMap":false,"_EventShowMapLink":false,"_EventURL":"","_EventCost":"","_EventCostDescription":"","_EventCurrencySymbol":"","_EventCurrencyCode":"","_EventCurrencyPosition":"","_EventDateTimeSeparator":"","_EventTimeRangeSeparator":"","_EventOrganizerID":[],"_EventVenueID":[],"_OrganizerEmail":"","_OrganizerPhone":"","_OrganizerWebsite":"","_VenueAddress":"","_VenueCity":"","_VenueCountry":"","_VenueProvince":"","_VenueState":"","_VenueZip":"","_VenuePhone":"","_VenueURL":"","_VenueStateProvince":"","_VenueLat":"","_VenueLng":"","_VenueShowMap":false,"_VenueShowMapLink":false,"footnotes":""},"class_list":["post-243","page","type-page","status-publish"],"_links":{"self":[{"href":"https:\/\/see-lac.ch\/fr\/wp-json\/wp\/v2\/pages\/243","targetHints":{"allow":["GET"]}}],"collection":[{"href":"https:\/\/see-lac.ch\/fr\/wp-json\/wp\/v2\/pages"}],"about":[{"href":"https:\/\/see-lac.ch\/fr\/wp-json\/wp\/v2\/types\/page"}],"author":[{"embeddable":true,"href":"https:\/\/see-lac.ch\/fr\/wp-json\/wp\/v2\/users\/1"}],"replies":[{"embeddable":true,"href":"https:\/\/see-lac.ch\/fr\/wp-json\/wp\/v2\/comments?post=243"}],"version-history":[{"count":56,"href":"https:\/\/see-lac.ch\/fr\/wp-json\/wp\/v2\/pages\/243\/revisions"}],"predecessor-version":[{"id":1319,"href":"https:\/\/see-lac.ch\/fr\/wp-json\/wp\/v2\/pages\/243\/revisions\/1319"}],"wp:attachment":[{"href":"https:\/\/see-lac.ch\/fr\/wp-json\/wp\/v2\/media?parent=243"}],"curies":[{"name":"wp","href":"https:\/\/api.w.org\/{rel}","templated":true}]}}