{"id":298,"date":"2024-10-03T13:35:28","date_gmt":"2024-10-03T13:35:28","guid":{"rendered":"https:\/\/see-lac.vicha.ch\/?page_id=298"},"modified":"2025-11-25T07:04:11","modified_gmt":"2025-11-25T07:04:11","slug":"geschaeftsstelle-und-finanzverwaltung","status":"publish","type":"page","link":"https:\/\/see-lac.ch\/fr\/geschaeftsstelle-und-finanzverwaltung\/","title":{"rendered":"Administration et finances"},"content":{"rendered":"<style>.wp-block-kadence-advancedheading.kt-adv-heading298_ab6922-49, .wp-block-kadence-advancedheading.kt-adv-heading298_ab6922-49[data-kb-block=\"kb-adv-heading298_ab6922-49\"]{font-style:normal;}.wp-block-kadence-advancedheading.kt-adv-heading298_ab6922-49 mark.kt-highlight, .wp-block-kadence-advancedheading.kt-adv-heading298_ab6922-49[data-kb-block=\"kb-adv-heading298_ab6922-49\"] mark.kt-highlight{font-style:normal;color:#f76a0c;-webkit-box-decoration-break:clone;box-decoration-break:clone;padding-top:0px;padding-right:0px;padding-bottom:0px;padding-left:0px;}<\/style>\n<h2 class=\"kt-adv-heading298_ab6922-49 wp-block-kadence-advancedheading\" data-kb-block=\"kb-adv-heading298_ab6922-49\">Administration et finances<\/h2>\n\n\n<div class=\"gb-container gb-container-3270fc17 alignfull gbp-section\">\n<div class=\"gb-container gb-container-22e2cecb gbp-section__inner\">\n<div class=\"gb-container gb-container-9354bce1\">\n\n<h1 class=\"gb-headline gb-headline-969e9702 gb-headline-text gbp-section__headline\"><\/h1>\n\n\n\n<div class=\"gb-headline gb-headline-91f9ed9b gb-headline-text gbp-section__text\"><\/div>\n\n<\/div>\n<\/div>\n<\/div>\n\n<div class=\"gb-container gb-container-23c10787 gbp-section\">\n\n<h2 class=\"gb-headline gb-headline-5a2a07cb gb-headline-text\">Gestion administrative<\/h2>\n\n\n\n<div class=\"wp-block-media-text is-stacked-on-mobile\" style=\"grid-template-columns:15% auto\"><figure class=\"wp-block-media-text__media\"><img loading=\"lazy\" decoding=\"async\" width=\"683\" height=\"1024\" src=\"https:\/\/see-lac.ch\/wp-content\/uploads\/2025\/06\/See_Lac_GL_Silvia-Hyka-683x1024.jpg\" alt=\"\" class=\"wp-image-1177 size-full\" srcset=\"https:\/\/see-lac.ch\/wp-content\/uploads\/2025\/06\/See_Lac_GL_Silvia-Hyka-683x1024.jpg 683w, https:\/\/see-lac.ch\/wp-content\/uploads\/2025\/06\/See_Lac_GL_Silvia-Hyka-200x300.jpg 200w, https:\/\/see-lac.ch\/wp-content\/uploads\/2025\/06\/See_Lac_GL_Silvia-Hyka-768x1152.jpg 768w, https:\/\/see-lac.ch\/wp-content\/uploads\/2025\/06\/See_Lac_GL_Silvia-Hyka-50x75.jpg 50w, https:\/\/see-lac.ch\/wp-content\/uploads\/2025\/06\/See_Lac_GL_Silvia-Hyka-1600x2400.jpg 1600w, https:\/\/see-lac.ch\/wp-content\/uploads\/2025\/06\/See_Lac_GL_Silvia-Hyka-1024x1536.jpg 1024w, https:\/\/see-lac.ch\/wp-content\/uploads\/2025\/06\/See_Lac_GL_Silvia-Hyka-1366x2048.jpg 1366w, https:\/\/see-lac.ch\/wp-content\/uploads\/2025\/06\/See_Lac_GL_Silvia-Hyka-8x12.jpg 8w, https:\/\/see-lac.ch\/wp-content\/uploads\/2025\/06\/See_Lac_GL_Silvia-Hyka-scaled.jpg 1707w\" sizes=\"auto, (max-width: 683px) 100vw, 683px\" \/><\/figure><div class=\"wp-block-media-text__content\">\n<p>La gestion administrative est sous la responsabilit\u00e9 de<\/p>\n\n\n\n<p>Madame Silvia Hyka<br><a href=\"mailto:silvia.hyka@see-lac.ch\">silvia.hyka@see-lac.ch<\/a><br>026 672 30 20<\/p>\n<\/div><\/div>\n\n\n\n<p><br>Elle est soutenue par deux collaboratrices administratives:<\/p>\n\n\n\n<div class=\"wp-block-media-text is-stacked-on-mobile\" style=\"grid-template-columns:15% auto\"><figure class=\"wp-block-media-text__media\"><img loading=\"lazy\" decoding=\"async\" width=\"683\" height=\"1024\" src=\"https:\/\/see-lac.ch\/wp-content\/uploads\/2025\/06\/072-f2025-683x1024.jpg\" alt=\"\" class=\"wp-image-1170 size-full\" srcset=\"https:\/\/see-lac.ch\/wp-content\/uploads\/2025\/06\/072-f2025-683x1024.jpg 683w, https:\/\/see-lac.ch\/wp-content\/uploads\/2025\/06\/072-f2025-200x300.jpg 200w, https:\/\/see-lac.ch\/wp-content\/uploads\/2025\/06\/072-f2025-768x1152.jpg 768w, https:\/\/see-lac.ch\/wp-content\/uploads\/2025\/06\/072-f2025-50x75.jpg 50w, https:\/\/see-lac.ch\/wp-content\/uploads\/2025\/06\/072-f2025-1600x2400.jpg 1600w, https:\/\/see-lac.ch\/wp-content\/uploads\/2025\/06\/072-f2025-1024x1536.jpg 1024w, https:\/\/see-lac.ch\/wp-content\/uploads\/2025\/06\/072-f2025-1366x2048.jpg 1366w, https:\/\/see-lac.ch\/wp-content\/uploads\/2025\/06\/072-f2025-8x12.jpg 8w, https:\/\/see-lac.ch\/wp-content\/uploads\/2025\/06\/072-f2025-scaled.jpg 1707w\" sizes=\"auto, (max-width: 683px) 100vw, 683px\" \/><\/figure><div class=\"wp-block-media-text__content\">\n<p>Emilie Bertrand<br><a href=\"mailto:sekretariat@see-lac.ch\">sekretariat@see-lac.ch<\/a> <br>026 672 30 20<\/p>\n<\/div><\/div>\n\n\n<div class=\"gb-container gb-container-\">\n<div class=\"gb-container gb-container-3fcd009f\">\n\n<p><br><\/p>\n\n\n\n<div class=\"wp-block-media-text is-stacked-on-mobile\" style=\"grid-template-columns:15% auto\"><figure class=\"wp-block-media-text__media\"><img loading=\"lazy\" decoding=\"async\" width=\"683\" height=\"1024\" src=\"https:\/\/see-lac.ch\/wp-content\/uploads\/2025\/11\/martina-683x1024.jpg\" alt=\"\" class=\"wp-image-1297 size-full\" srcset=\"https:\/\/see-lac.ch\/wp-content\/uploads\/2025\/11\/martina-683x1024.jpg 683w, https:\/\/see-lac.ch\/wp-content\/uploads\/2025\/11\/martina-200x300.jpg 200w, https:\/\/see-lac.ch\/wp-content\/uploads\/2025\/11\/martina-768x1152.jpg 768w, https:\/\/see-lac.ch\/wp-content\/uploads\/2025\/11\/martina-50x75.jpg 50w, https:\/\/see-lac.ch\/wp-content\/uploads\/2025\/11\/martina-1600x2400.jpg 1600w, https:\/\/see-lac.ch\/wp-content\/uploads\/2025\/11\/martina-1024x1536.jpg 1024w, https:\/\/see-lac.ch\/wp-content\/uploads\/2025\/11\/martina-1365x2048.jpg 1365w, https:\/\/see-lac.ch\/wp-content\/uploads\/2025\/11\/martina-8x12.jpg 8w, https:\/\/see-lac.ch\/wp-content\/uploads\/2025\/11\/martina-scaled.jpg 1707w\" sizes=\"auto, (max-width: 683px) 100vw, 683px\" \/><\/figure><div class=\"wp-block-media-text__content\">\n<p>Martina Heubi<br><a href=\"mailto:sekretariat@see-lac.ch\">sekretariat@see-lac.ch<\/a><br>026 672 30 20<\/p>\n<\/div><\/div>\n\n<\/div>\n<\/div>\n\n<div class=\"gb-container gb-container-0ad30d44\">\n\n<h2 class=\"gb-headline gb-headline-8eb476e3 gb-headline-text\">Responsable des finances<\/h2>\n\n<\/div>\n\n<style>.kb-row-layout-wrap.wp-block-kadence-rowlayout.kb-row-layout-id298_41b218-38{margin-bottom:0px;}.kb-row-layout-id298_41b218-38 > .kt-row-column-wrap{align-content:start;}:where(.kb-row-layout-id298_41b218-38 > .kt-row-column-wrap) > .wp-block-kadence-column{justify-content:start;}.kb-row-layout-id298_41b218-38 > .kt-row-column-wrap{column-gap:var(--global-kb-gap-md, 2rem);row-gap:var(--global-kb-gap-md, 2rem);padding-top:var(--global-kb-spacing-sm, 1.5rem);padding-bottom:var(--global-kb-spacing-sm, 1.5rem);grid-template-columns:minmax(0, 1fr) minmax(0, 2fr);}.kb-row-layout-id298_41b218-38 > .kt-row-layout-overlay{opacity:0.30;}@media all and (max-width: 1024px){.kb-row-layout-id298_41b218-38 > .kt-row-column-wrap{grid-template-columns:minmax(0, 1fr) minmax(0, 2fr);}}@media all and (max-width: 767px){.kb-row-layout-id298_41b218-38 > .kt-row-column-wrap{grid-template-columns:minmax(0, 1fr);}}<\/style><div class=\"kb-row-layout-wrap kb-row-layout-id298_41b218-38 alignnone wp-block-kadence-rowlayout\"><div class=\"kt-row-column-wrap kt-has-2-columns kt-row-layout-right-golden kt-tab-layout-inherit kt-mobile-layout-row kt-row-valign-top\">\n<style>.kadence-column298_c487d3-7e > .kt-inside-inner-col,.kadence-column298_c487d3-7e > .kt-inside-inner-col:before{border-top-left-radius:0px;border-top-right-radius:0px;border-bottom-right-radius:0px;border-bottom-left-radius:0px;}.kadence-column298_c487d3-7e > .kt-inside-inner-col{column-gap:var(--global-kb-gap-sm, 1rem);}.kadence-column298_c487d3-7e > .kt-inside-inner-col{flex-direction:column;}.kadence-column298_c487d3-7e > .kt-inside-inner-col > .aligncenter{width:100%;}.kadence-column298_c487d3-7e > .kt-inside-inner-col:before{opacity:0.3;}.kadence-column298_c487d3-7e{position:relative;}@media all and (max-width: 1024px){.kadence-column298_c487d3-7e > .kt-inside-inner-col{flex-direction:column;justify-content:center;}}@media all and (max-width: 767px){.kadence-column298_c487d3-7e > .kt-inside-inner-col{flex-direction:column;justify-content:center;}}<\/style>\n<div class=\"wp-block-kadence-column kadence-column298_c487d3-7e\"><div class=\"kt-inside-inner-col\"><\/div><\/div>\n\n\n<style>.kadence-column298_6c05a9-48 > .kt-inside-inner-col,.kadence-column298_6c05a9-48 > .kt-inside-inner-col:before{border-top-left-radius:0px;border-top-right-radius:0px;border-bottom-right-radius:0px;border-bottom-left-radius:0px;}.kadence-column298_6c05a9-48 > .kt-inside-inner-col{column-gap:var(--global-kb-gap-sm, 1rem);}.kadence-column298_6c05a9-48 > .kt-inside-inner-col{flex-direction:column;}.kadence-column298_6c05a9-48 > .kt-inside-inner-col > .aligncenter{width:100%;}.kadence-column298_6c05a9-48 > .kt-inside-inner-col:before{opacity:0.3;}.kadence-column298_6c05a9-48{position:relative;}@media all and (max-width: 1024px){.kadence-column298_6c05a9-48 > .kt-inside-inner-col{flex-direction:column;justify-content:center;}}@media all and (max-width: 767px){.kadence-column298_6c05a9-48 > .kt-inside-inner-col{flex-direction:column;justify-content:center;}}<\/style>\n<div class=\"wp-block-kadence-column kadence-column298_6c05a9-48\"><div class=\"kt-inside-inner-col\"><\/div><\/div>\n\n<\/div><\/div>\n\n\n<div class=\"wp-block-media-text is-stacked-on-mobile\" style=\"grid-template-columns:15% auto\"><figure class=\"wp-block-media-text__media\"><img loading=\"lazy\" decoding=\"async\" width=\"683\" height=\"1024\" src=\"https:\/\/see-lac.ch\/wp-content\/uploads\/2025\/06\/See_Lac_FiV_Sandra-Raemy-683x1024.jpg\" alt=\"\" class=\"wp-image-1172 size-full\" srcset=\"https:\/\/see-lac.ch\/wp-content\/uploads\/2025\/06\/See_Lac_FiV_Sandra-Raemy-683x1024.jpg 683w, https:\/\/see-lac.ch\/wp-content\/uploads\/2025\/06\/See_Lac_FiV_Sandra-Raemy-200x300.jpg 200w, https:\/\/see-lac.ch\/wp-content\/uploads\/2025\/06\/See_Lac_FiV_Sandra-Raemy-768x1152.jpg 768w, https:\/\/see-lac.ch\/wp-content\/uploads\/2025\/06\/See_Lac_FiV_Sandra-Raemy-50x75.jpg 50w, https:\/\/see-lac.ch\/wp-content\/uploads\/2025\/06\/See_Lac_FiV_Sandra-Raemy-1600x2400.jpg 1600w, https:\/\/see-lac.ch\/wp-content\/uploads\/2025\/06\/See_Lac_FiV_Sandra-Raemy-1024x1536.jpg 1024w, https:\/\/see-lac.ch\/wp-content\/uploads\/2025\/06\/See_Lac_FiV_Sandra-Raemy-1366x2048.jpg 1366w, https:\/\/see-lac.ch\/wp-content\/uploads\/2025\/06\/See_Lac_FiV_Sandra-Raemy-8x12.jpg 8w, https:\/\/see-lac.ch\/wp-content\/uploads\/2025\/06\/See_Lac_FiV_Sandra-Raemy-scaled.jpg 1707w\" sizes=\"auto, (max-width: 683px) 100vw, 683px\" \/><\/figure><div class=\"wp-block-media-text__content\">\n<p>La gestion financi\u00e8re est confi\u00e9e \u00e0 Madame Sandra Raemy, collaboratrice de la commune de Gurmels.<\/p>\n\n\n\n<p><a href=\"mailto:silvia.hyka@see-lac.ch\">sandra.raemy@gurmels.ch<\/a><br>026 674 93 39<\/p>\n<\/div><\/div>\n\n<\/div>","protected":false},"excerpt":{"rendered":"<p>Gesch\u00e4ftsstelle und Finanzverwaltung Gesch\u00e4ftsstelle Die Leitung der Gesch\u00e4ftsstelle obliegt Frau Silvia Hykasilvia.hyka@see-lac.ch026 672 30 20 Unterst\u00fctzt wird sie von zwei administrativen Mitarbeiterinnen: Emilie Bertrandsekretariat@see-lac.ch 026 672 30 20 Martina Heubisekretariat@see-lac.ch026 &#8230; <a title=\"Administration et finances\" class=\"read-more\" href=\"https:\/\/see-lac.ch\/fr\/geschaeftsstelle-und-finanzverwaltung\/\" aria-label=\"En savoir plus sur Gesch\u00e4ftsstelle und Finanzverwaltung\">Lire la suite<\/a><\/p>","protected":false},"author":1,"featured_media":0,"parent":0,"menu_order":0,"comment_status":"closed","ping_status":"closed","template":"","meta":{"pgc_sgb_lightbox_settings":"","_EventAllDay":false,"_EventTimezone":"","_EventStartDate":"","_EventEndDate":"","_EventStartDateUTC":"","_EventEndDateUTC":"","_EventShowMap":false,"_EventShowMapLink":false,"_EventURL":"","_EventCost":"","_EventCostDescription":"","_EventCurrencySymbol":"","_EventCurrencyCode":"","_EventCurrencyPosition":"","_EventDateTimeSeparator":"","_EventTimeRangeSeparator":"","_EventOrganizerID":[],"_EventVenueID":[],"_OrganizerEmail":"","_OrganizerPhone":"","_OrganizerWebsite":"","_VenueAddress":"","_VenueCity":"","_VenueCountry":"","_VenueProvince":"","_VenueState":"","_VenueZip":"","_VenuePhone":"","_VenueURL":"","_VenueStateProvince":"","_VenueLat":"","_VenueLng":"","_VenueShowMap":false,"_VenueShowMapLink":false,"footnotes":""},"class_list":["post-298","page","type-page","status-publish"],"_links":{"self":[{"href":"https:\/\/see-lac.ch\/fr\/wp-json\/wp\/v2\/pages\/298","targetHints":{"allow":["GET"]}}],"collection":[{"href":"https:\/\/see-lac.ch\/fr\/wp-json\/wp\/v2\/pages"}],"about":[{"href":"https:\/\/see-lac.ch\/fr\/wp-json\/wp\/v2\/types\/page"}],"author":[{"embeddable":true,"href":"https:\/\/see-lac.ch\/fr\/wp-json\/wp\/v2\/users\/1"}],"replies":[{"embeddable":true,"href":"https:\/\/see-lac.ch\/fr\/wp-json\/wp\/v2\/comments?post=298"}],"version-history":[{"count":32,"href":"https:\/\/see-lac.ch\/fr\/wp-json\/wp\/v2\/pages\/298\/revisions"}],"predecessor-version":[{"id":1301,"href":"https:\/\/see-lac.ch\/fr\/wp-json\/wp\/v2\/pages\/298\/revisions\/1301"}],"wp:attachment":[{"href":"https:\/\/see-lac.ch\/fr\/wp-json\/wp\/v2\/media?parent=298"}],"curies":[{"name":"wp","href":"https:\/\/api.w.org\/{rel}","templated":true}]}}