{"id":300,"date":"2024-10-03T13:35:57","date_gmt":"2024-10-03T13:35:57","guid":{"rendered":"https:\/\/see-lac.vicha.ch\/?page_id=300"},"modified":"2026-02-24T07:54:13","modified_gmt":"2026-02-24T07:54:13","slug":"feuerwehr","status":"publish","type":"page","link":"https:\/\/see-lac.ch\/fr\/feuerwehr\/","title":{"rendered":"D\u00e9fense incendie et secours"},"content":{"rendered":"<style>.wp-block-kadence-advancedheading.kt-adv-heading300_a13abc-99, .wp-block-kadence-advancedheading.kt-adv-heading300_a13abc-99[data-kb-block=\"kb-adv-heading300_a13abc-99\"]{font-style:normal;}.wp-block-kadence-advancedheading.kt-adv-heading300_a13abc-99 mark.kt-highlight, .wp-block-kadence-advancedheading.kt-adv-heading300_a13abc-99[data-kb-block=\"kb-adv-heading300_a13abc-99\"] mark.kt-highlight{font-style:normal;color:#f76a0c;-webkit-box-decoration-break:clone;box-decoration-break:clone;padding-top:0px;padding-right:0px;padding-bottom:0px;padding-left:0px;}<\/style>\n<h2 class=\"kt-adv-heading300_a13abc-99 wp-block-kadence-advancedheading\" data-kb-block=\"kb-adv-heading300_a13abc-99\">D\u00e9fense incendie et secours<\/h2>\n\n\n<div class=\"gb-container gb-container-3270fc17 alignfull gbp-section\">\n<div class=\"gb-container gb-container-22e2cecb gbp-section__inner\">\n<div class=\"gb-container gb-container-9354bce1\">\n\n<h1 class=\"gb-headline gb-headline-969e9702 gb-headline-text gbp-section__headline\"> <\/h1>\n\n\n\n<div class=\"gb-headline gb-headline-91f9ed9b gb-headline-text gbp-section__text\"><\/div>\n\n<\/div>\n<\/div>\n<\/div>\n\n<div class=\"gb-container gb-container-f16dca4e\">\n\n<p><\/p>\n\n\n\n<p id=\"Finanzen\">Avec l'entr\u00e9e en vigueur de la nouvelle loi sur la d\u00e9fense incendie et les secours, les diff\u00e9rents corps de sapeurs-pompiers du district du Lac ont \u00e9t\u00e9 regroup\u00e9s en un seul bataillon sous le nom de Pompiers Lac.<\/p>\n\n\n\n<p>Les Pompiers Lac sont actifs depuis le 1er janvier 2023. Depuis le 1er mars 2025 ils sont sous la conduite du Maj. Hugo Wanner.<\/p>\n\n\n\n<p>Aux niveaux politique et organisationnel, les Pompiers Lacs sont int\u00e9gr\u00e9s au sein de l'Association des communes du district du Lac.<\/p>\n\n<\/div>\n\n<div class=\"gb-container gb-container-af867ac6 gbp-section__inner\">\n<div class=\"gb-container gb-container-81a59b79\">\n\n<p>Plus d'informations sous <\/p>\n\n\n<div class=\"gb-container gb-container-030e6f81\">\n\n<figure class=\"wp-block-image size-full is-resized\"><a href=\"https:\/\/feuerwehr-see.ch\/\"><img loading=\"lazy\" decoding=\"async\" width=\"923\" height=\"310\" src=\"https:\/\/see-lac.ch\/wp-content\/uploads\/2024\/10\/22081_logo-feuerwehr_see_pompiers_lac_def.png\" alt=\"\" class=\"wp-image-728\" style=\"width:335px;height:auto\" srcset=\"https:\/\/see-lac.ch\/wp-content\/uploads\/2024\/10\/22081_logo-feuerwehr_see_pompiers_lac_def.png 923w, https:\/\/see-lac.ch\/wp-content\/uploads\/2024\/10\/22081_logo-feuerwehr_see_pompiers_lac_def-300x101.png 300w, https:\/\/see-lac.ch\/wp-content\/uploads\/2024\/10\/22081_logo-feuerwehr_see_pompiers_lac_def-768x258.png 768w, https:\/\/see-lac.ch\/wp-content\/uploads\/2024\/10\/22081_logo-feuerwehr_see_pompiers_lac_def-50x17.png 50w, https:\/\/see-lac.ch\/wp-content\/uploads\/2024\/10\/22081_logo-feuerwehr_see_pompiers_lac_def-18x6.png 18w\" sizes=\"auto, (max-width: 923px) 100vw, 923px\" \/><\/a><\/figure>\n\n<\/div>\n<\/div>\n<\/div>","protected":false},"excerpt":{"rendered":"<p>Brandbek\u00e4mpfung und Hilfeleistung Mit Inkrafttreten des neuen Brandbek\u00e4mpfungs- und Hilfeleistungsgesetz (BBHG) wurden die verschiedenen Feuerwehren des Seebezirks in einem Bataillon unter dem Namen Feuerwehr See zusammengefasst. Die Feuerwehr See ist &#8230; <a title=\"D\u00e9fense incendie et secours\" class=\"read-more\" href=\"https:\/\/see-lac.ch\/fr\/feuerwehr\/\" aria-label=\"En savoir plus sur Brandbek\u00e4mpfung und Hilfeleistung\">Lire la suite<\/a><\/p>","protected":false},"author":1,"featured_media":0,"parent":0,"menu_order":0,"comment_status":"closed","ping_status":"closed","template":"","meta":{"pgc_sgb_lightbox_settings":"","_EventAllDay":false,"_EventTimezone":"","_EventStartDate":"","_EventEndDate":"","_EventStartDateUTC":"","_EventEndDateUTC":"","_EventShowMap":false,"_EventShowMapLink":false,"_EventURL":"","_EventCost":"","_EventCostDescription":"","_EventCurrencySymbol":"","_EventCurrencyCode":"","_EventCurrencyPosition":"","_EventDateTimeSeparator":"","_EventTimeRangeSeparator":"","_EventOrganizerID":[],"_EventVenueID":[],"_OrganizerEmail":"","_OrganizerPhone":"","_OrganizerWebsite":"","_VenueAddress":"","_VenueCity":"","_VenueCountry":"","_VenueProvince":"","_VenueState":"","_VenueZip":"","_VenuePhone":"","_VenueURL":"","_VenueStateProvince":"","_VenueLat":"","_VenueLng":"","_VenueShowMap":false,"_VenueShowMapLink":false,"footnotes":""},"class_list":["post-300","page","type-page","status-publish"],"_links":{"self":[{"href":"https:\/\/see-lac.ch\/fr\/wp-json\/wp\/v2\/pages\/300","targetHints":{"allow":["GET"]}}],"collection":[{"href":"https:\/\/see-lac.ch\/fr\/wp-json\/wp\/v2\/pages"}],"about":[{"href":"https:\/\/see-lac.ch\/fr\/wp-json\/wp\/v2\/types\/page"}],"author":[{"embeddable":true,"href":"https:\/\/see-lac.ch\/fr\/wp-json\/wp\/v2\/users\/1"}],"replies":[{"embeddable":true,"href":"https:\/\/see-lac.ch\/fr\/wp-json\/wp\/v2\/comments?post=300"}],"version-history":[{"count":16,"href":"https:\/\/see-lac.ch\/fr\/wp-json\/wp\/v2\/pages\/300\/revisions"}],"predecessor-version":[{"id":1400,"href":"https:\/\/see-lac.ch\/fr\/wp-json\/wp\/v2\/pages\/300\/revisions\/1400"}],"wp:attachment":[{"href":"https:\/\/see-lac.ch\/fr\/wp-json\/wp\/v2\/media?parent=300"}],"curies":[{"name":"wp","href":"https:\/\/api.w.org\/{rel}","templated":true}]}}