{"id":302,"date":"2024-10-03T13:36:50","date_gmt":"2024-10-03T13:36:50","guid":{"rendered":"https:\/\/see-lac.vicha.ch\/?page_id=302"},"modified":"2025-06-17T14:26:15","modified_gmt":"2025-06-17T14:26:15","slug":"downloads","status":"publish","type":"page","link":"https:\/\/see-lac.ch\/fr\/downloads\/","title":{"rendered":"T\u00e9l\u00e9chargements"},"content":{"rendered":"<style>.wp-block-kadence-advancedheading.kt-adv-heading302_05604b-26, .wp-block-kadence-advancedheading.kt-adv-heading302_05604b-26[data-kb-block=\"kb-adv-heading302_05604b-26\"]{font-style:normal;}.wp-block-kadence-advancedheading.kt-adv-heading302_05604b-26 mark.kt-highlight, .wp-block-kadence-advancedheading.kt-adv-heading302_05604b-26[data-kb-block=\"kb-adv-heading302_05604b-26\"] mark.kt-highlight{font-style:normal;color:#f76a0c;-webkit-box-decoration-break:clone;box-decoration-break:clone;padding-top:0px;padding-right:0px;padding-bottom:0px;padding-left:0px;}<\/style>\n<h2 class=\"kt-adv-heading302_05604b-26 wp-block-kadence-advancedheading\" data-kb-block=\"kb-adv-heading302_05604b-26\">T\u00e9l\u00e9chargements<\/h2>\n\n\n<div class=\"gb-container gb-container-3270fc17 alignfull gbp-section\">\n<div class=\"gb-container gb-container-22e2cecb gbp-section__inner\">\n<div class=\"gb-container gb-container-9354bce1\">\n\n<h1 class=\"gb-headline gb-headline-969e9702 gb-headline-text gbp-section__headline\"><\/h1>\n\n\n\n<div class=\"gb-headline gb-headline-91f9ed9b gb-headline-text gbp-section__text\"><\/div>\n\n<\/div>\n<\/div>\n<\/div>\n\n<div class=\"gb-container gb-container-23c10787 alignfull gbp-section\">\n<div class=\"gb-container gb-container-af867ac6 gbp-section__inner\">\n<div class=\"gb-container gb-container-81a59b79\">\n\n<p><strong>Documents de base Association des communes du district du Lac<\/strong><\/p>\n\n\n\n<p><a href=\"https:\/\/see-lac.ch\/wp-content\/uploads\/2025\/02\/Statuts_approuves.pdf\" target=\"_blank\" rel=\"noreferrer noopener\">Statuts<\/a><br><a href=\"https:\/\/see-lac.ch\/wp-content\/uploads\/2025\/02\/Reglement-defense-incendie_approuve.pdf\" target=\"_blank\" rel=\"noreferrer noopener\">R\u00e8glement Pompiers Lac<\/a><br><a href=\"https:\/\/see-lac.ch\/wp-content\/uploads\/2025\/02\/Reglement-des-finances_approuve.pdf\" target=\"_blank\" rel=\"noreferrer noopener\">R\u00e8glement des finances<\/a><\/p>\n\n\n\n<p><strong>Rapport d'activit\u00e9s<\/strong><br><a href=\"https:\/\/see-lac.ch\/wp-content\/uploads\/2025\/05\/3-Rapport-activites-2024.pdf\" data-type=\"attachment\" data-id=\"1166\" target=\"_blank\" rel=\"noreferrer noopener\">Rapport d'activit\u00e9s 2024<\/a><br><a href=\"https:\/\/see-lac.ch\/wp-content\/uploads\/2025\/02\/2023-Rapport-dactivites.pdf\" data-type=\"link\" data-id=\"https:\/\/see-lac.ch\/wp-content\/uploads\/2024\/10\/2023-Geschaeftsbericht-inkl-Jahresrechnung.pdf\" target=\"_blank\" rel=\"noreferrer noopener\">Rapport d'activit\u00e9s 2023<\/a><br><br><strong>Communiqu\u00e9s de presse<\/strong><br><a href=\"https:\/\/see-lac.ch\/wp-content\/uploads\/2025\/06\/CP_PDR.pdf\" data-type=\"attachment\" data-id=\"1186\" target=\"_blank\" rel=\"noreferrer noopener\">Approbation Plan directeur r\u00e9gional, juin 2025<\/a><br><a href=\"https:\/\/see-lac.ch\/wp-content\/uploads\/2025\/02\/CP_CdtBat_20250206-1.pdf\" data-type=\"attachment\" data-id=\"1102\" target=\"_blank\" rel=\"noreferrer noopener\">Nouveau Cdt de bataillon Pompiers Lac, f\u00e9vrier 2025<\/a><br><a href=\"https:\/\/see-lac.ch\/wp-content\/uploads\/2025\/02\/PM_Feuerwehr-See_CP-Pompiers-Lac.pdf\" data-type=\"link\" data-id=\"https:\/\/see-lac.ch\/wp-content\/uploads\/2024\/11\/PM_Feuerwehr-See_CP-Pompiers-Lac.pdf\" target=\"_blank\" rel=\"noreferrer noopener\">Rocade chez les Pompiers Lac, novembre 2024<\/a><br><a href=\"https:\/\/see-lac.ch\/wp-content\/uploads\/2025\/02\/1.7-PM-2024-03-08_PC_Anstellung-neue-Geschaeftsleitung.pdf\" target=\"_blank\" rel=\"noreferrer noopener\">Une nouvelle responsable administrative, mars 2024<\/a><br><\/p>\n\n<\/div>\n\n<div class=\"gb-container gb-container-8ce7db64\">\n\n<figure class=\"gb-block-image gb-block-image-a091acf8\"><img loading=\"lazy\" decoding=\"async\" width=\"2560\" height=\"1707\" class=\"gb-image gb-image-a091acf8\" src=\"https:\/\/see-lac.ch\/wp-content\/uploads\/2024\/10\/IMG_7504-scaled.jpg\" alt=\"\" title=\"IMG_7504\" srcset=\"https:\/\/see-lac.ch\/wp-content\/uploads\/2024\/10\/IMG_7504-scaled.jpg 2560w, https:\/\/see-lac.ch\/wp-content\/uploads\/2024\/10\/IMG_7504-300x200.jpg 300w, https:\/\/see-lac.ch\/wp-content\/uploads\/2024\/10\/IMG_7504-1024x683.jpg 1024w, https:\/\/see-lac.ch\/wp-content\/uploads\/2024\/10\/IMG_7504-768x512.jpg 768w, https:\/\/see-lac.ch\/wp-content\/uploads\/2024\/10\/IMG_7504-50x33.jpg 50w, https:\/\/see-lac.ch\/wp-content\/uploads\/2024\/10\/IMG_7504-1600x1067.jpg 1600w, https:\/\/see-lac.ch\/wp-content\/uploads\/2024\/10\/IMG_7504-1536x1024.jpg 1536w, https:\/\/see-lac.ch\/wp-content\/uploads\/2024\/10\/IMG_7504-2048x1365.jpg 2048w, https:\/\/see-lac.ch\/wp-content\/uploads\/2024\/10\/IMG_7504-18x12.jpg 18w\" sizes=\"auto, (max-width: 2560px) 100vw, 2560px\" \/><\/figure>\n\n<\/div>\n<\/div>\n<\/div>","protected":false},"excerpt":{"rendered":"<p>Downloads Grundsatzdokumente des Verbands StatutenFeuerwehrreglementFinanzreglement Gesch\u00e4ftsberichtGesch\u00e4ftsbericht 2024Gesch\u00e4ftsbericht 2023 PressemitteilungenGenehmigung Regionaler Richtplan, Juni 2025Neuer Bat.kdt. f\u00fcr die Feuerwehr See, Februar 2025Rochade bei der Feuerwehr See, November 2024Neue Leitung Gesch\u00e4ftsstelle, M\u00e4rz 2024<\/p>","protected":false},"author":1,"featured_media":0,"parent":0,"menu_order":0,"comment_status":"closed","ping_status":"closed","template":"","meta":{"pgc_sgb_lightbox_settings":"","_EventAllDay":false,"_EventTimezone":"","_EventStartDate":"","_EventEndDate":"","_EventStartDateUTC":"","_EventEndDateUTC":"","_EventShowMap":false,"_EventShowMapLink":false,"_EventURL":"","_EventCost":"","_EventCostDescription":"","_EventCurrencySymbol":"","_EventCurrencyCode":"","_EventCurrencyPosition":"","_EventDateTimeSeparator":"","_EventTimeRangeSeparator":"","_EventOrganizerID":[],"_EventVenueID":[],"_OrganizerEmail":"","_OrganizerPhone":"","_OrganizerWebsite":"","_VenueAddress":"","_VenueCity":"","_VenueCountry":"","_VenueProvince":"","_VenueState":"","_VenueZip":"","_VenuePhone":"","_VenueURL":"","_VenueStateProvince":"","_VenueLat":"","_VenueLng":"","_VenueShowMap":false,"_VenueShowMapLink":false,"footnotes":""},"class_list":["post-302","page","type-page","status-publish"],"_links":{"self":[{"href":"https:\/\/see-lac.ch\/fr\/wp-json\/wp\/v2\/pages\/302","targetHints":{"allow":["GET"]}}],"collection":[{"href":"https:\/\/see-lac.ch\/fr\/wp-json\/wp\/v2\/pages"}],"about":[{"href":"https:\/\/see-lac.ch\/fr\/wp-json\/wp\/v2\/types\/page"}],"author":[{"embeddable":true,"href":"https:\/\/see-lac.ch\/fr\/wp-json\/wp\/v2\/users\/1"}],"replies":[{"embeddable":true,"href":"https:\/\/see-lac.ch\/fr\/wp-json\/wp\/v2\/comments?post=302"}],"version-history":[{"count":21,"href":"https:\/\/see-lac.ch\/fr\/wp-json\/wp\/v2\/pages\/302\/revisions"}],"predecessor-version":[{"id":1188,"href":"https:\/\/see-lac.ch\/fr\/wp-json\/wp\/v2\/pages\/302\/revisions\/1188"}],"wp:attachment":[{"href":"https:\/\/see-lac.ch\/fr\/wp-json\/wp\/v2\/media?parent=302"}],"curies":[{"name":"wp","href":"https:\/\/api.w.org\/{rel}","templated":true}]}}