{"id":306,"date":"2024-10-03T13:37:33","date_gmt":"2024-10-03T13:37:33","guid":{"rendered":"https:\/\/see-lac.vicha.ch\/?page_id=306"},"modified":"2025-10-21T19:36:54","modified_gmt":"2025-10-21T19:36:54","slug":"raumplanung-2","status":"publish","type":"page","link":"https:\/\/see-lac.ch\/fr\/raumplanung-2\/","title":{"rendered":"Am\u00e9nagement du territoire"},"content":{"rendered":"<style>.wp-block-kadence-advancedheading.kt-adv-heading306_452f6b-5b, .wp-block-kadence-advancedheading.kt-adv-heading306_452f6b-5b[data-kb-block=\"kb-adv-heading306_452f6b-5b\"]{font-style:normal;}.wp-block-kadence-advancedheading.kt-adv-heading306_452f6b-5b mark.kt-highlight, .wp-block-kadence-advancedheading.kt-adv-heading306_452f6b-5b[data-kb-block=\"kb-adv-heading306_452f6b-5b\"] mark.kt-highlight{font-style:normal;color:#f76a0c;-webkit-box-decoration-break:clone;box-decoration-break:clone;padding-top:0px;padding-right:0px;padding-bottom:0px;padding-left:0px;}<\/style>\n<h2 class=\"kt-adv-heading306_452f6b-5b wp-block-kadence-advancedheading\" data-kb-block=\"kb-adv-heading306_452f6b-5b\">Am\u00e9nagement du territoire<\/h2>\n\n\n<div class=\"gb-container gb-container-3270fc17 alignfull gbp-section\">\n<div class=\"gb-container gb-container-22e2cecb gbp-section__inner\">\n<div class=\"gb-container gb-container-9354bce1\">\n\n<h1 class=\"gb-headline gb-headline-969e9702 gb-headline-text gbp-section__headline\"><\/h1>\n\n\n\n<div class=\"gb-headline gb-headline-91f9ed9b gb-headline-text gbp-section__text\"><\/div>\n\n<\/div>\n<\/div>\n<\/div>\n\n<div class=\"gb-container gb-container-23c10787 alignfull gbp-section\">\n<div class=\"gb-container gb-container-af867ac6 gbp-section__inner\">\n<div class=\"gb-container gb-container-81a59b79\">\n\n<h2 class=\"gb-headline gb-headline-0610b09c gb-headline-text gbp-section__headline\">Le plan directeur r\u00e9gional (PDR)<\/h2>\n\n\n\n<p>Le district du Lac est le premier district du canton de Fribourg \u00e0 avoir \u00e9labor\u00e9 un plan directeur r\u00e9gional et \u00e0 l'avoir soumis \u00e0 l'approbation du canton. La premi\u00e8re version a \u00e9t\u00e9 approuv\u00e9e en 1992, puis r\u00e9vis\u00e9e en 2015.<\/p>\n\n\n\n<p>Avec la r\u00e9vision du plan directeur cantonal, une mise en conformit\u00e9 du PDR s\u2019est av\u00e9r\u00e9e n\u00e9cessaire. Celle-ci a \u00e9t\u00e9 approuv\u00e9e le 18 mars 2025 avec conditions. L\u2019adaptation du dossier aux conditions d\u2019approbation est actuellement en cours. Vous trouverez les documents en cliquant <a href=\"https:\/\/see-lac.ch\/fr\/revision-regionaler-richtplan\/\">ici<\/a>.<\/p>\n\n\n\n<p><a href=\"https:\/\/see-lac.ch\/wp-content\/uploads\/2025\/10\/B1_PDR_Lac_Rapport_230427.pdf\" data-type=\"attachment\" data-id=\"1245\" target=\"_blank\" rel=\"noreferrer noopener\">Rapport<\/a><\/p>\n\n\n\n<p><\/p>\n\n<\/div>\n\n<div class=\"gb-container gb-container-8ce7db64\">\n<div class=\"gb-container gb-container-491a47a5\">\n<div class=\"gb-container gb-container-c67cc39d\"><\/div>\n<\/div>\n<\/div>\n<\/div>\n<\/div>","protected":false},"excerpt":{"rendered":"<p>Raumplanung Der regionale Richtplan Der Seebezirk ist der erste Bezirk des Kantons Freiburg, der einen regionalen Richtplan erarbeitet und ihn dem Kanton zur Genehmigung vorgelegt hat. Die erste Fassung wurde &#8230; <a title=\"Am\u00e9nagement du territoire\" class=\"read-more\" href=\"https:\/\/see-lac.ch\/fr\/raumplanung-2\/\" aria-label=\"En savoir plus sur Raumplanung\">Lire la suite<\/a><\/p>","protected":false},"author":1,"featured_media":0,"parent":0,"menu_order":0,"comment_status":"closed","ping_status":"closed","template":"","meta":{"pgc_sgb_lightbox_settings":"","_EventAllDay":false,"_EventTimezone":"","_EventStartDate":"","_EventEndDate":"","_EventStartDateUTC":"","_EventEndDateUTC":"","_EventShowMap":false,"_EventShowMapLink":false,"_EventURL":"","_EventCost":"","_EventCostDescription":"","_EventCurrencySymbol":"","_EventCurrencyCode":"","_EventCurrencyPosition":"","_EventDateTimeSeparator":"","_EventTimeRangeSeparator":"","_EventOrganizerID":[],"_EventVenueID":[],"_OrganizerEmail":"","_OrganizerPhone":"","_OrganizerWebsite":"","_VenueAddress":"","_VenueCity":"","_VenueCountry":"","_VenueProvince":"","_VenueState":"","_VenueZip":"","_VenuePhone":"","_VenueURL":"","_VenueStateProvince":"","_VenueLat":"","_VenueLng":"","_VenueShowMap":false,"_VenueShowMapLink":false,"footnotes":""},"class_list":["post-306","page","type-page","status-publish"],"_links":{"self":[{"href":"https:\/\/see-lac.ch\/fr\/wp-json\/wp\/v2\/pages\/306","targetHints":{"allow":["GET"]}}],"collection":[{"href":"https:\/\/see-lac.ch\/fr\/wp-json\/wp\/v2\/pages"}],"about":[{"href":"https:\/\/see-lac.ch\/fr\/wp-json\/wp\/v2\/types\/page"}],"author":[{"embeddable":true,"href":"https:\/\/see-lac.ch\/fr\/wp-json\/wp\/v2\/users\/1"}],"replies":[{"embeddable":true,"href":"https:\/\/see-lac.ch\/fr\/wp-json\/wp\/v2\/comments?post=306"}],"version-history":[{"count":16,"href":"https:\/\/see-lac.ch\/fr\/wp-json\/wp\/v2\/pages\/306\/revisions"}],"predecessor-version":[{"id":1264,"href":"https:\/\/see-lac.ch\/fr\/wp-json\/wp\/v2\/pages\/306\/revisions\/1264"}],"wp:attachment":[{"href":"https:\/\/see-lac.ch\/fr\/wp-json\/wp\/v2\/media?parent=306"}],"curies":[{"name":"wp","href":"https:\/\/api.w.org\/{rel}","templated":true}]}}