{"id":309,"date":"2024-10-03T13:38:49","date_gmt":"2024-10-03T13:38:49","guid":{"rendered":"https:\/\/see-lac.vicha.ch\/?page_id=309"},"modified":"2026-02-27T11:11:34","modified_gmt":"2026-02-27T11:11:34","slug":"revision-regionaler-richtplan","status":"publish","type":"page","link":"https:\/\/see-lac.ch\/fr\/revision-regionaler-richtplan\/","title":{"rendered":"R\u00e9vision PDR"},"content":{"rendered":"<style>.wp-block-kadence-advancedheading.kt-adv-heading309_aacff6-ae, .wp-block-kadence-advancedheading.kt-adv-heading309_aacff6-ae[data-kb-block=\"kb-adv-heading309_aacff6-ae\"]{font-style:normal;}.wp-block-kadence-advancedheading.kt-adv-heading309_aacff6-ae mark.kt-highlight, .wp-block-kadence-advancedheading.kt-adv-heading309_aacff6-ae[data-kb-block=\"kb-adv-heading309_aacff6-ae\"] mark.kt-highlight{font-style:normal;color:#f76a0c;-webkit-box-decoration-break:clone;box-decoration-break:clone;padding-top:0px;padding-right:0px;padding-bottom:0px;padding-left:0px;}<\/style>\n<h2 class=\"kt-adv-heading309_aacff6-ae wp-block-kadence-advancedheading\" data-kb-block=\"kb-adv-heading309_aacff6-ae\">R\u00e9vision PDR<\/h2>\n\n\n<div class=\"gb-container gb-container-3270fc17 alignfull gbp-section\">\n<div class=\"gb-container gb-container-22e2cecb alignfull gbp-section__inner\">\n<div class=\"gb-container gb-container-9354bce1\">\n\n<h1 class=\"gb-headline gb-headline-969e9702 gb-headline-text gbp-section__headline\"><\/h1>\n\n\n\n<div class=\"gb-headline gb-headline-91f9ed9b gb-headline-text gbp-section__text\"><\/div>\n\n<\/div>\n<\/div>\n<\/div>\n\n<div class=\"gb-container gb-container-23c10787 gbp-section\">\n<div class=\"gb-container gb-container-af867ac6 gbp-section__inner\">\n<div class=\"gb-container gb-container-b83b2967\">\n<div class=\"gb-container gb-container-2e718dd0\">\n<div class=\"gb-container gb-container-bf525698 alignwide\">\n\n<p>En 2018, trois ans apr\u00e8s l'entr\u00e9e en vigueur du plan directeur r\u00e9gional et suite \u00e0 l'entr\u00e9e en vigueur de la loi f\u00e9d\u00e9rale sur l'am\u00e9nagement du territoire, le plan directeur cantonal attribue de nouvelles t\u00e2ches de planification aux r\u00e9gions, notamment la d\u00e9limitation des p\u00e9rim\u00e8tres des futures zones \u00e0 b\u00e2tir et la gestion des zones d'activit\u00e9s. Pour r\u00e9pondre \u00e0 ces nouvelles exigences, plusieurs chapitres du PDR ont \u00e9t\u00e9 adapt\u00e9s.<\/p>\n\n\n\n<p>Apr\u00e8s une consultation aupr\u00e8s des autorit\u00e9s et du public, les d\u00e9l\u00e9gu\u00e9s ont adopt\u00e9 le plan directeur r\u00e9gional r\u00e9vis\u00e9 lors de leur assembl\u00e9e du 12 mai 2022.<\/p>\n\n\n\n<p>Le 18 mars 2025, le Conseil d'Etat fribourgeois a approuv\u00e9 le nouveau plan directeur r\u00e9gional dans les grandes lignes.<\/p>\n\n\n\n<p>Toutefois, certaines conditions ont \u00e9t\u00e9 impos\u00e9es, qui n\u00e9cessitent des ajustements mineurs et donc une nouvelle consultation.<\/p>\n\n\n\n<ul class=\"wp-block-list\">\n<li>D\u00e9lai de consultation pour les communes membres: 26.09.2025-03.01.2026<\/li>\n\n\n\n<li>D\u00e9lai de consultation pour les autres parties int\u00e9ress\u00e9es: 26.09.2025-27.11.2025<\/li>\n<\/ul>\n\n\n\n<p>Les documents peuvent \u00eatre t\u00e9l\u00e9charg\u00e9s ci-apr\u00e8s. Le secr\u00e9tariat de l'association (<a href=\"mailto:sekretariat@see-lac.ch\">sekretariat@see-lac.ch<\/a>, 026 672 30 25) steht bei Fragen gerne zur Verf\u00fcgung.<\/p>\n\n\n\n<p><a href=\"https:\/\/see-lac.ch\/wp-content\/uploads\/2026\/02\/2531_See_RegRP_B2_Bericht_Vernehmlassung_2026-02-26.pdf\" data-type=\"attachment\" data-id=\"1408\" target=\"_blank\" rel=\"noreferrer noopener\">Bericht Vernehmlassung<\/a><br><a href=\"https:\/\/see-lac.ch\/wp-content\/uploads\/2025\/09\/2531_Lac_PDR_B_Rapport_2025-09-17.pdf\" data-type=\"attachment\" data-id=\"1203\">Rapport<\/a><br><a href=\"http:\/\/2531\" target=\"_blank\" rel=\"noreferrer noopener\">Concept territorial<\/a><br><a href=\"https:\/\/see-lac.ch\/wp-content\/uploads\/2025\/09\/2531_Lac_PDR_A3_Carte_synthese_2025-09-17.pdf\" data-type=\"attachment\" data-id=\"1206\">Carte de synth\u00e8se<\/a><br><a href=\"https:\/\/see-lac.ch\/wp-content\/uploads\/2025\/09\/2531_Lac_PDR_A2_Fiches_mesures_2025-09-17.pdf\" data-type=\"attachment\" data-id=\"1205\">Fiches de mesures<\/a><br><a href=\"https:\/\/see-lac.ch\/wp-content\/uploads\/2025\/09\/2531_Lac_PDR_B_Annexe_1_TU_Carte_2025-09-17.pdf\" data-type=\"attachment\" data-id=\"1207\">Annexe 1 territoire d'urbanisation (carte)<\/a><br><a href=\"https:\/\/see-lac.ch\/wp-content\/uploads\/2025\/09\/2531_Lac_PDR_B_Annexe_2_TU_Ajouts_2025-09-17.pdf\" data-type=\"attachment\" data-id=\"1208\">Annexe 2 territoire d'urbanisation (ajouts)<\/a><br><a href=\"https:\/\/see-lac.ch\/wp-content\/uploads\/2025\/09\/2531_Lac_PDR_B_Annexe_3_TU_Bilan_2025-09-17.pdf\" data-type=\"attachment\" data-id=\"1209\">Annexe 3 territoire d'urbanisation (bilan)<\/a><br><a href=\"https:\/\/see-lac.ch\/wp-content\/uploads\/2025\/09\/2531_Lac_PDR_B_Annexe_4_ZACT_Changements_affect_2025-09-17.pdf\" data-type=\"attachment\" data-id=\"1210\">Annexe 4 zones d'activit\u00e9 (changements d'affectation)<\/a><br><a href=\"https:\/\/see-lac.ch\/wp-content\/uploads\/2025\/09\/2531_Lac_PDR_B_Annexe_5_ZACT_Bilan_2025-09-17.pdf\" data-type=\"attachment\" data-id=\"1211\">Annexe 5 zones d'activit\u00e9 (bilan)<\/a><\/p>\n\n<\/div>\n<\/div>\n<\/div>\n<\/div>\n<\/div>","protected":false},"excerpt":{"rendered":"<p>Revision regionaler Richtplan 2018, drei Jahre nach Inkrafttreten des regionalen Richtplans und infolge der Inkrafttretung des Bundesgesetzes \u00fcber die Raumplanung, weist der kantonale Richtplan den Regionen neue Planungsaufgaben zu, insbesondere &#8230; <a title=\"R\u00e9vision PDR\" class=\"read-more\" href=\"https:\/\/see-lac.ch\/fr\/revision-regionaler-richtplan\/\" aria-label=\"En savoir plus sur Revision regionaler Richtplan\">Lire la suite<\/a><\/p>","protected":false},"author":1,"featured_media":0,"parent":0,"menu_order":0,"comment_status":"closed","ping_status":"closed","template":"","meta":{"pgc_sgb_lightbox_settings":"","_EventAllDay":false,"_EventTimezone":"","_EventStartDate":"","_EventEndDate":"","_EventStartDateUTC":"","_EventEndDateUTC":"","_EventShowMap":false,"_EventShowMapLink":false,"_EventURL":"","_EventCost":"","_EventCostDescription":"","_EventCurrencySymbol":"","_EventCurrencyCode":"","_EventCurrencyPosition":"","_EventDateTimeSeparator":"","_EventTimeRangeSeparator":"","_EventOrganizerID":[],"_EventVenueID":[],"_OrganizerEmail":"","_OrganizerPhone":"","_OrganizerWebsite":"","_VenueAddress":"","_VenueCity":"","_VenueCountry":"","_VenueProvince":"","_VenueState":"","_VenueZip":"","_VenuePhone":"","_VenueURL":"","_VenueStateProvince":"","_VenueLat":"","_VenueLng":"","_VenueShowMap":false,"_VenueShowMapLink":false,"footnotes":""},"class_list":["post-309","page","type-page","status-publish"],"_links":{"self":[{"href":"https:\/\/see-lac.ch\/fr\/wp-json\/wp\/v2\/pages\/309","targetHints":{"allow":["GET"]}}],"collection":[{"href":"https:\/\/see-lac.ch\/fr\/wp-json\/wp\/v2\/pages"}],"about":[{"href":"https:\/\/see-lac.ch\/fr\/wp-json\/wp\/v2\/types\/page"}],"author":[{"embeddable":true,"href":"https:\/\/see-lac.ch\/fr\/wp-json\/wp\/v2\/users\/1"}],"replies":[{"embeddable":true,"href":"https:\/\/see-lac.ch\/fr\/wp-json\/wp\/v2\/comments?post=309"}],"version-history":[{"count":48,"href":"https:\/\/see-lac.ch\/fr\/wp-json\/wp\/v2\/pages\/309\/revisions"}],"predecessor-version":[{"id":1423,"href":"https:\/\/see-lac.ch\/fr\/wp-json\/wp\/v2\/pages\/309\/revisions\/1423"}],"wp:attachment":[{"href":"https:\/\/see-lac.ch\/fr\/wp-json\/wp\/v2\/media?parent=309"}],"curies":[{"name":"wp","href":"https:\/\/api.w.org\/{rel}","templated":true}]}}