{"id":313,"date":"2024-10-03T13:40:45","date_gmt":"2024-10-03T13:40:45","guid":{"rendered":"https:\/\/see-lac.vicha.ch\/?page_id=313"},"modified":"2025-02-03T13:46:57","modified_gmt":"2025-02-03T13:46:57","slug":"das-oberamt","status":"publish","type":"page","link":"https:\/\/see-lac.ch\/fr\/das-oberamt\/","title":{"rendered":"Pr\u00e9fecture"},"content":{"rendered":"<style>.wp-block-kadence-advancedheading.kt-adv-heading313_ac1f15-74, .wp-block-kadence-advancedheading.kt-adv-heading313_ac1f15-74[data-kb-block=\"kb-adv-heading313_ac1f15-74\"]{font-style:normal;}.wp-block-kadence-advancedheading.kt-adv-heading313_ac1f15-74 mark.kt-highlight, .wp-block-kadence-advancedheading.kt-adv-heading313_ac1f15-74[data-kb-block=\"kb-adv-heading313_ac1f15-74\"] mark.kt-highlight{font-style:normal;color:#f76a0c;-webkit-box-decoration-break:clone;box-decoration-break:clone;padding-top:0px;padding-right:0px;padding-bottom:0px;padding-left:0px;}<\/style>\n<h2 class=\"kt-adv-heading313_ac1f15-74 wp-block-kadence-advancedheading\" data-kb-block=\"kb-adv-heading313_ac1f15-74\">Pr\u00e9fecture<\/h2>\n\n\n<div class=\"gb-container gb-container-3270fc17 alignfull gbp-section\">\n<div class=\"gb-container gb-container-22e2cecb gbp-section__inner\">\n<div class=\"gb-container gb-container-9354bce1\">\n\n<h1 class=\"gb-headline gb-headline-969e9702 gb-headline-text gbp-section__headline\"><\/h1>\n\n\n\n<div class=\"gb-headline gb-headline-91f9ed9b gb-headline-text gbp-section__text\"><\/div>\n\n<\/div>\n<\/div>\n<\/div>\n\n<div class=\"gb-container gb-container-23c10787 alignfull gbp-section\">\n<div class=\"gb-container gb-container-af867ac6 gbp-section__inner\">\n<div class=\"gb-container gb-container-81a59b79\">\n\n<p>La Pr\u00e9fecture du Lac offre des prestations de proximit\u00e9 notamment dans le domaine des permis de construire, pour les manifestations publiques et les autorisations diverses.<\/p>\n\n\n\n<p><a href=\"https:\/\/www.fr.ch\/de\/ilfd\/osee\">Acc\u00e8s direct sur le site de la pr\u00e9fecture<\/a><\/p>\n\n<\/div>\n\n<div class=\"gb-container gb-container-8ce7db64\">\n\n<figure class=\"gb-block-image gb-block-image-a091acf8\"><img loading=\"lazy\" decoding=\"async\" width=\"2560\" height=\"1707\" class=\"gb-image gb-image-a091acf8\" src=\"https:\/\/see-lac.ch\/wp-content\/uploads\/2024\/10\/IMG_7482-scaled.jpg\" alt=\"\" title=\"IMG_7482\" srcset=\"https:\/\/see-lac.ch\/wp-content\/uploads\/2024\/10\/IMG_7482-scaled.jpg 2560w, https:\/\/see-lac.ch\/wp-content\/uploads\/2024\/10\/IMG_7482-300x200.jpg 300w, https:\/\/see-lac.ch\/wp-content\/uploads\/2024\/10\/IMG_7482-1024x683.jpg 1024w, https:\/\/see-lac.ch\/wp-content\/uploads\/2024\/10\/IMG_7482-768x512.jpg 768w, https:\/\/see-lac.ch\/wp-content\/uploads\/2024\/10\/IMG_7482-50x33.jpg 50w, https:\/\/see-lac.ch\/wp-content\/uploads\/2024\/10\/IMG_7482-1600x1067.jpg 1600w, https:\/\/see-lac.ch\/wp-content\/uploads\/2024\/10\/IMG_7482-1536x1024.jpg 1536w, https:\/\/see-lac.ch\/wp-content\/uploads\/2024\/10\/IMG_7482-2048x1365.jpg 2048w, https:\/\/see-lac.ch\/wp-content\/uploads\/2024\/10\/IMG_7482-18x12.jpg 18w\" sizes=\"auto, (max-width: 2560px) 100vw, 2560px\" \/><\/figure>\n\n<\/div>\n<\/div>\n<\/div>","protected":false},"excerpt":{"rendered":"<p>Oberamt Das Oberamt des Seebezirks bietet namentlich im Bereich Baubewilligungen, f\u00fcr \u00f6ffentliche Veranstaltungen und verschiedene Bewilligungen b\u00fcrgernahe Leistungen an. Hier kommen Sie auf die Webseite des Oberamts<\/p>","protected":false},"author":1,"featured_media":0,"parent":0,"menu_order":0,"comment_status":"closed","ping_status":"closed","template":"","meta":{"pgc_sgb_lightbox_settings":"","_EventAllDay":false,"_EventTimezone":"","_EventStartDate":"","_EventEndDate":"","_EventStartDateUTC":"","_EventEndDateUTC":"","_EventShowMap":false,"_EventShowMapLink":false,"_EventURL":"","_EventCost":"","_EventCostDescription":"","_EventCurrencySymbol":"","_EventCurrencyCode":"","_EventCurrencyPosition":"","_EventDateTimeSeparator":"","_EventTimeRangeSeparator":"","_EventOrganizerID":[],"_EventVenueID":[],"_OrganizerEmail":"","_OrganizerPhone":"","_OrganizerWebsite":"","_VenueAddress":"","_VenueCity":"","_VenueCountry":"","_VenueProvince":"","_VenueState":"","_VenueZip":"","_VenuePhone":"","_VenueURL":"","_VenueStateProvince":"","_VenueLat":"","_VenueLng":"","_VenueShowMap":false,"_VenueShowMapLink":false,"footnotes":""},"class_list":["post-313","page","type-page","status-publish"],"_links":{"self":[{"href":"https:\/\/see-lac.ch\/fr\/wp-json\/wp\/v2\/pages\/313","targetHints":{"allow":["GET"]}}],"collection":[{"href":"https:\/\/see-lac.ch\/fr\/wp-json\/wp\/v2\/pages"}],"about":[{"href":"https:\/\/see-lac.ch\/fr\/wp-json\/wp\/v2\/types\/page"}],"author":[{"embeddable":true,"href":"https:\/\/see-lac.ch\/fr\/wp-json\/wp\/v2\/users\/1"}],"replies":[{"embeddable":true,"href":"https:\/\/see-lac.ch\/fr\/wp-json\/wp\/v2\/comments?post=313"}],"version-history":[{"count":5,"href":"https:\/\/see-lac.ch\/fr\/wp-json\/wp\/v2\/pages\/313\/revisions"}],"predecessor-version":[{"id":1040,"href":"https:\/\/see-lac.ch\/fr\/wp-json\/wp\/v2\/pages\/313\/revisions\/1040"}],"wp:attachment":[{"href":"https:\/\/see-lac.ch\/fr\/wp-json\/wp\/v2\/media?parent=313"}],"curies":[{"name":"wp","href":"https:\/\/api.w.org\/{rel}","templated":true}]}}