{"id":344,"date":"2024-10-07T14:56:25","date_gmt":"2024-10-07T14:56:25","guid":{"rendered":"https:\/\/see-lac.vicha.ch\/?page_id=344"},"modified":"2026-03-13T10:42:01","modified_gmt":"2026-03-13T10:42:01","slug":"verband","status":"publish","type":"page","link":"https:\/\/see-lac.ch\/fr\/","title":{"rendered":"L'Association"},"content":{"rendered":"<style>.wp-block-kadence-advancedheading.kt-adv-heading344_c31f04-ce, .wp-block-kadence-advancedheading.kt-adv-heading344_c31f04-ce[data-kb-block=\"kb-adv-heading344_c31f04-ce\"]{font-style:normal;}.wp-block-kadence-advancedheading.kt-adv-heading344_c31f04-ce mark.kt-highlight, .wp-block-kadence-advancedheading.kt-adv-heading344_c31f04-ce[data-kb-block=\"kb-adv-heading344_c31f04-ce\"] mark.kt-highlight{font-style:normal;color:#f76a0c;-webkit-box-decoration-break:clone;box-decoration-break:clone;padding-top:0px;padding-right:0px;padding-bottom:0px;padding-left:0px;}<\/style>\n<h2 class=\"kt-adv-heading344_c31f04-ce wp-block-kadence-advancedheading\" data-kb-block=\"kb-adv-heading344_c31f04-ce\">Association des communes du district du Lac<\/h2>\n\n\n<div class=\"gb-container gb-container-bf679d4f\">\n<div class=\"gb-container gb-container-576f9d63\">\n<div class=\"gb-container gb-container-3270fc17 alignfull gbp-section\">\n<div class=\"gb-container gb-container-22e2cecb gbp-section__inner\">\n<div class=\"gb-container gb-container-9354bce1\">\n\n<h1 class=\"gb-headline gb-headline-969e9702 gb-headline-text gbp-section__headline\"> <\/h1>\n\n\n\n<div class=\"gb-headline gb-headline-91f9ed9b gb-headline-text gbp-section__text\"><\/div>\n\n<\/div>\n<\/div>\n<\/div>\n<\/div>\n<\/div>\n\n\n<p><\/p>\n\n\n\n<p><strong>Incendie de v\u00e9hicule \u00e0 Chi\u00e8tres \u2013 L'association des communes du district du Lac exprime ses condol\u00e9ances aux familles et aux victimes et remercie les services de secours<\/strong><\/p>\n\n\n\n<p>L'Association des communes du district du Lac a appris avec une profonde tristesse la catastrophe survenue hier soir.<\/p>\n\n\n\n<p>Er spricht den Familien der Opfer sein herzliches Beileid aus und w\u00fcnscht allen Verletzten baldige und vollst\u00e4ndige Genesung.<\/p>\n\n\n\n<p>Elle tient \u00e0 exprimer ses sinc\u00e8res condol\u00e9ances aux familles des victimes et souhaite un prompt et complet r\u00e9tablissement \u00e0 toutes les personnes bless\u00e9es<br><br>Guy Petter, Pr\u00e4sident&nbsp;&nbsp;&nbsp;&nbsp;&nbsp;&nbsp;&nbsp;&nbsp;&nbsp;&nbsp;&nbsp;&nbsp;&nbsp;&nbsp;&nbsp;&nbsp;&nbsp;&nbsp;&nbsp;&nbsp;&nbsp;&nbsp;&nbsp;&nbsp;&nbsp;&nbsp;&nbsp;&nbsp;&nbsp;&nbsp;&nbsp;&nbsp;&nbsp;&nbsp;&nbsp;&nbsp;&nbsp;&nbsp;&nbsp;&nbsp;&nbsp;&nbsp;&nbsp;&nbsp;&nbsp;&nbsp;&nbsp;&nbsp;&nbsp;&nbsp;&nbsp;&nbsp;&nbsp;Silvia Hyka, Leiterin Gesch\u00e4ftsstelle<\/p>\n\n\n<div class=\"gb-container gb-container-23c10787 alignfull gbp-section\">\n<div class=\"gb-container gb-container-af867ac6 gbp-section__inner\">\n<div class=\"gb-container gb-container-81a59b79\">\n\n<h2 class=\"gb-headline gb-headline-0610b09c gb-headline-text gbp-section__headline\">Qui nous sommes<\/h2>\n\n\n<div class=\"gb-container gb-container-3e14bcff\">\n<div class=\"gb-container gb-container-32af5fb9\">\n\n<p class=\"has-text-align-left\">La mission principale de l'Association des communes du district du Lac est de promouvoir les int\u00e9r\u00eats communs de ses communes membres et de favoriser leur d\u00e9veloppement harmonieux et durable.<\/p>\n\n<\/div>\n<\/div>\n\n<div class=\"gb-container gb-container-ff2697eb\">\n\n<p>L'association est responsable de la direction strat\u00e9gique et, dans certains domaines, de la mise en \u0153uvre op\u00e9rationnelle des t\u00e2ches qui lui sont confi\u00e9es par la loi, \u00e0 savoir:<br>a) Am\u00e9nagement du territoire<br>b) D\u00e9fense incendie et secours<br>c) Promotion du tourisme<br>d) Promotion \u00e9conomique<br><\/p>\n\n<\/div>\n\n<div class=\"gb-container gb-container-39163d14\">\n\n<p>Elle participe en outre \u00e0 d'importants organes et groupes de travail cantonaux (transports publics, am\u00e9nagement du territoire, gestion des zones d'activit\u00e9s, commission consultative de la mobilit\u00e9) ainsi qu'au comit\u00e9 de l'Association des communes fribourgeoises.<\/p>\n\n<\/div>\n\n\n<p>Pour remplir sa mission, l'association dispose d'une assembl\u00e9e des d\u00e9l\u00e9gu\u00e9s au sein de laquelle toutes les communes membres sont repr\u00e9sent\u00e9es, ainsi que d'un comit\u00e9 compos\u00e9 de repr\u00e9sentants des communes et de la pr\u00e9fecture. Cette structure coll\u00e9giale garantit une prise de d\u00e9cision fond\u00e9e et repr\u00e9sentative dans l'int\u00e9r\u00eat de toutes les communes membres. &nbsp;<\/p>\n\n\n\n<p>Sur le plan administratif, le comit\u00e9 est assist\u00e9 par les diff\u00e9rents groupes de travail, le secr\u00e9tariat et l'administration des finances.<\/p>\n\n\n\n<p>En renfor\u00e7ant les liens entre ses communes membres, l'Association des communes du district du Lac permet \u00e0 cette r\u00e9gion dynamique de relever avec succ\u00e8s les d\u00e9fis du 21e si\u00e8cle tout en pr\u00e9servant son inestimable patrimoine naturel et culturel.<\/p>\n\n<\/div>\n<\/div>\n<\/div>\n\n<div class=\"gb-container gb-container-6ac83445 alignfull gbp-section\">\n<div class=\"gb-container gb-container-280fd86e gbp-section__inner\">\n<div class=\"gb-container gb-container-524a6e34\"><\/div>\n<\/div>\n<\/div>\n\n<div class=\"gb-container gb-container-045f2b85 alignfull gbp-section\">\n<div class=\"gb-container gb-container-a65bb0b6 gbp-section__inner\">\n<div class=\"gb-container gb-container-efb0d7ef\">\n\n<h2 class=\"wp-block-heading\">Contact<\/h2>\n\n\n\n<p>Association des communes du district du Lac<br>Herrenschwandweg 2<br>3280 Morat<\/p>\n\n\n\n<p>T\u00e9l\u00e9phone 026 672 30 20<br>E-Mail <a href=\"mailto:sekretariat@see-lac.ch\">sekretariat@see-lac.ch<\/a><\/p>\n\n<\/div>\n<\/div>\n<\/div>\n\n<div class=\"gb-container gb-container-6197fb18 alignfull gbp-section\">\n<div class=\"gb-container gb-container-6f229976 gbp-section__inner\">\n<div class=\"gb-container gb-container-ca940652\"><\/div>\n<\/div>\n<\/div>\n\n\n<p><\/p>","protected":false},"excerpt":{"rendered":"<p>Verband der Gemeinden des Seebezirks Fahrzeugbrand in Kerzers &#8211; Der Verband der Gemeinden des Seebezirks dr\u00fcckt den Angeh\u00f6rigen und Opfern seine Anteilnahme aus und dankt den Rettungskr\u00e4ften Der Verband der &#8230; <a title=\"L&#039;Association\" class=\"read-more\" href=\"https:\/\/see-lac.ch\/fr\/\" aria-label=\"En savoir plus sur Der Verband\">Lire la suite<\/a><\/p>","protected":false},"author":1,"featured_media":0,"parent":0,"menu_order":0,"comment_status":"closed","ping_status":"closed","template":"","meta":{"pgc_sgb_lightbox_settings":"","_EventAllDay":false,"_EventTimezone":"","_EventStartDate":"","_EventEndDate":"","_EventStartDateUTC":"","_EventEndDateUTC":"","_EventShowMap":false,"_EventShowMapLink":false,"_EventURL":"","_EventCost":"","_EventCostDescription":"","_EventCurrencySymbol":"","_EventCurrencyCode":"","_EventCurrencyPosition":"","_EventDateTimeSeparator":"","_EventTimeRangeSeparator":"","_EventOrganizerID":[],"_EventVenueID":[],"_OrganizerEmail":"","_OrganizerPhone":"","_OrganizerWebsite":"","_VenueAddress":"","_VenueCity":"","_VenueCountry":"","_VenueProvince":"","_VenueState":"","_VenueZip":"","_VenuePhone":"","_VenueURL":"","_VenueStateProvince":"","_VenueLat":"","_VenueLng":"","_VenueShowMap":false,"_VenueShowMapLink":false,"footnotes":""},"class_list":["post-344","page","type-page","status-publish"],"_links":{"self":[{"href":"https:\/\/see-lac.ch\/fr\/wp-json\/wp\/v2\/pages\/344","targetHints":{"allow":["GET"]}}],"collection":[{"href":"https:\/\/see-lac.ch\/fr\/wp-json\/wp\/v2\/pages"}],"about":[{"href":"https:\/\/see-lac.ch\/fr\/wp-json\/wp\/v2\/types\/page"}],"author":[{"embeddable":true,"href":"https:\/\/see-lac.ch\/fr\/wp-json\/wp\/v2\/users\/1"}],"replies":[{"embeddable":true,"href":"https:\/\/see-lac.ch\/fr\/wp-json\/wp\/v2\/comments?post=344"}],"version-history":[{"count":20,"href":"https:\/\/see-lac.ch\/fr\/wp-json\/wp\/v2\/pages\/344\/revisions"}],"predecessor-version":[{"id":1427,"href":"https:\/\/see-lac.ch\/fr\/wp-json\/wp\/v2\/pages\/344\/revisions\/1427"}],"wp:attachment":[{"href":"https:\/\/see-lac.ch\/fr\/wp-json\/wp\/v2\/media?parent=344"}],"curies":[{"name":"wp","href":"https:\/\/api.w.org\/{rel}","templated":true}]}}