{"id":830,"date":"2024-11-05T17:20:32","date_gmt":"2024-11-05T17:20:32","guid":{"rendered":"https:\/\/see-lac.ch\/?page_id=830"},"modified":"2025-02-06T18:16:35","modified_gmt":"2025-02-06T18:16:35","slug":"aufgaben","status":"publish","type":"page","link":"https:\/\/see-lac.ch\/fr\/aufgaben\/","title":{"rendered":"Activit\u00e9s"},"content":{"rendered":"<style>.wp-block-kadence-advancedheading.kt-adv-heading830_6b738f-5f, .wp-block-kadence-advancedheading.kt-adv-heading830_6b738f-5f[data-kb-block=\"kb-adv-heading830_6b738f-5f\"]{font-style:normal;}.wp-block-kadence-advancedheading.kt-adv-heading830_6b738f-5f mark.kt-highlight, .wp-block-kadence-advancedheading.kt-adv-heading830_6b738f-5f[data-kb-block=\"kb-adv-heading830_6b738f-5f\"] mark.kt-highlight{font-style:normal;color:#f76a0c;-webkit-box-decoration-break:clone;box-decoration-break:clone;padding-top:0px;padding-right:0px;padding-bottom:0px;padding-left:0px;}<\/style>\n<h2 class=\"kt-adv-heading830_6b738f-5f wp-block-kadence-advancedheading\" data-kb-block=\"kb-adv-heading830_6b738f-5f\">Activit\u00e9s<\/h2>\n\n\n<div class=\"gb-container gb-container-3270fc17 alignfull gbp-section\">\n<div class=\"gb-container gb-container-22e2cecb gbp-section__inner\">\n<div class=\"gb-container gb-container-9354bce1\">\n\n<h1 class=\"gb-headline gb-headline-969e9702 gb-headline-text gbp-section__headline\"><\/h1>\n\n\n\n<div class=\"gb-headline gb-headline-91f9ed9b gb-headline-text gbp-section__text\"><\/div>\n\n<\/div>\n<\/div>\n<\/div>\n\n<div class=\"gb-container gb-container-23c10787 alignfull gbp-section\">\n<div class=\"gb-container gb-container-af867ac6 gbp-section__inner\">\n<div class=\"gb-container gb-container-81a59b79\">\n\n<p class=\"has-text-align-left\">Le but principal de l'association est de d\u00e9fendre <strong>les int\u00e9r\u00eats des communes membres&nbsp;<\/strong>et <strong>de promouvoir <\/strong>la collaboration entre communes et avec des parties tierces.<\/p>\n\n\n\n<p>De par la loi, les t\u00e2ches suivantes incombent \u00e0 l'association:<\/p>\n\n\n\n<ol class=\"wp-block-list\">\n<li>Am\u00e9nagement du territoire (Art. 22 LATec)<\/li>\n\n\n\n<li>D\u00e9fense incendie et secours (art. 14 LDIS)<\/li>\n\n\n\n<li>Promotion \u00e9conomique (art. 5 LPEc)<\/li>\n\n\n\n<li>Promotion du tourisme (art. 2 LT)<\/li>\n\n\n\n<li>Transport public (art. 9 LMob)<\/li>\n<\/ol>\n\n\n\n<p>En outre, conform\u00e9ment \u00e0 ses statuts, l'association assume d'autres t\u00e2ches qui servent les int\u00e9r\u00eats des communes membres, notamment par le biais des groupes de travail \u00ab Affaires sociales \u00bb et \u00ab Finances \u00bb.<\/p>\n\n<\/div>\n<\/div>\n<\/div>\n\n<style>.kb-image830_c581dc-9b .kb-image-has-overlay:after{opacity:0.3;}<\/style>\n<figure class=\"wp-block-kadence-image kb-image830_c581dc-9b size-large\"><img loading=\"lazy\" decoding=\"async\" width=\"1024\" height=\"940\" src=\"https:\/\/see-lac.ch\/wp-content\/uploads\/2024\/10\/20240416_122404-scaled-e1735901681746-1024x940.jpg\" alt=\"\" class=\"kb-img wp-image-502\" srcset=\"https:\/\/see-lac.ch\/wp-content\/uploads\/2024\/10\/20240416_122404-scaled-e1735901681746-1024x940.jpg 1024w, https:\/\/see-lac.ch\/wp-content\/uploads\/2024\/10\/20240416_122404-scaled-e1735901681746-300x276.jpg 300w, https:\/\/see-lac.ch\/wp-content\/uploads\/2024\/10\/20240416_122404-scaled-e1735901681746-768x705.jpg 768w, https:\/\/see-lac.ch\/wp-content\/uploads\/2024\/10\/20240416_122404-scaled-e1735901681746-50x46.jpg 50w, https:\/\/see-lac.ch\/wp-content\/uploads\/2024\/10\/20240416_122404-scaled-e1735901681746-1600x1469.jpg 1600w, https:\/\/see-lac.ch\/wp-content\/uploads\/2024\/10\/20240416_122404-scaled-e1735901681746-1536x1411.jpg 1536w, https:\/\/see-lac.ch\/wp-content\/uploads\/2024\/10\/20240416_122404-scaled-e1735901681746-13x12.jpg 13w, https:\/\/see-lac.ch\/wp-content\/uploads\/2024\/10\/20240416_122404-scaled-e1735901681746.jpg 1886w\" sizes=\"auto, (max-width: 1024px) 100vw, 1024px\" \/><\/figure>\n\n\n\n<p><\/p>","protected":false},"excerpt":{"rendered":"<p>Aufgaben Oberstes Ziel des Verbandes ist es, die Interessen der Gemeinden&nbsp;zu wahren und deren Zusammenarbeit untereinander und mit Dritten zu f\u00f6rdern Von Gesetzes wegen obliegen dem Verband folgende Aufgaben: Daneben &#8230; <a title=\"Activit\u00e9s\" class=\"read-more\" href=\"https:\/\/see-lac.ch\/fr\/aufgaben\/\" aria-label=\"En savoir plus sur Aufgaben\">Lire la suite<\/a><\/p>","protected":false},"author":1,"featured_media":0,"parent":0,"menu_order":0,"comment_status":"closed","ping_status":"closed","template":"","meta":{"pgc_sgb_lightbox_settings":"","_EventAllDay":false,"_EventTimezone":"","_EventStartDate":"","_EventEndDate":"","_EventStartDateUTC":"","_EventEndDateUTC":"","_EventShowMap":false,"_EventShowMapLink":false,"_EventURL":"","_EventCost":"","_EventCostDescription":"","_EventCurrencySymbol":"","_EventCurrencyCode":"","_EventCurrencyPosition":"","_EventDateTimeSeparator":"","_EventTimeRangeSeparator":"","_EventOrganizerID":[],"_EventVenueID":[],"_OrganizerEmail":"","_OrganizerPhone":"","_OrganizerWebsite":"","_VenueAddress":"","_VenueCity":"","_VenueCountry":"","_VenueProvince":"","_VenueState":"","_VenueZip":"","_VenuePhone":"","_VenueURL":"","_VenueStateProvince":"","_VenueLat":"","_VenueLng":"","_VenueShowMap":false,"_VenueShowMapLink":false,"footnotes":""},"class_list":["post-830","page","type-page","status-publish"],"_links":{"self":[{"href":"https:\/\/see-lac.ch\/fr\/wp-json\/wp\/v2\/pages\/830","targetHints":{"allow":["GET"]}}],"collection":[{"href":"https:\/\/see-lac.ch\/fr\/wp-json\/wp\/v2\/pages"}],"about":[{"href":"https:\/\/see-lac.ch\/fr\/wp-json\/wp\/v2\/types\/page"}],"author":[{"embeddable":true,"href":"https:\/\/see-lac.ch\/fr\/wp-json\/wp\/v2\/users\/1"}],"replies":[{"embeddable":true,"href":"https:\/\/see-lac.ch\/fr\/wp-json\/wp\/v2\/comments?post=830"}],"version-history":[{"count":9,"href":"https:\/\/see-lac.ch\/fr\/wp-json\/wp\/v2\/pages\/830\/revisions"}],"predecessor-version":[{"id":1053,"href":"https:\/\/see-lac.ch\/fr\/wp-json\/wp\/v2\/pages\/830\/revisions\/1053"}],"wp:attachment":[{"href":"https:\/\/see-lac.ch\/fr\/wp-json\/wp\/v2\/media?parent=830"}],"curies":[{"name":"wp","href":"https:\/\/api.w.org\/{rel}","templated":true}]}}